{"id":858,"date":"2021-04-19T14:08:07","date_gmt":"2021-04-19T12:08:07","guid":{"rendered":"https:\/\/mensa-france.net\/ral-public\/?page_id=858"},"modified":"2021-04-28T14:35:10","modified_gmt":"2021-04-28T12:35:10","slug":"actualites","status":"publish","type":"page","link":"https:\/\/mensa-france.net\/ral-public\/","title":{"rendered":"Actualit\u00e9s"},"content":{"rendered":"<div class=\"fusion-fullwidth fullwidth-box fusion-builder-row-1 nonhundred-percent-fullwidth non-hundred-percent-height-scrolling\" style=\"--awb-border-radius-top-left:0px;--awb-border-radius-top-right:0px;--awb-border-radius-bottom-right:0px;--awb-border-radius-bottom-left:0px;--awb-padding-top:20px;--awb-padding-bottom:20px;--awb-background-color:#cde0f7;--awb-flex-wrap:wrap;\" ><div class=\"fusion-builder-row fusion-row\"><div class=\"fusion-layout-column fusion_builder_column fusion-builder-column-0 fusion_builder_column_3_4 3_4 fusion-three-fourth fusion-column-first\" style=\"--awb-padding-top:10px;--awb-padding-right:10px;--awb-padding-bottom:10px;--awb-padding-left:10px;--awb-bg-color:#ffffff;--awb-bg-color-hover:#ffffff;--awb-bg-size:cover;width:75%;width:calc(75% - ( ( 4% ) * 0.75 ) );margin-right: 4%;\"><div class=\"fusion-column-wrapper fusion-flex-column-wrapper-legacy\"><div class=\"fusion-text fusion-text-1\"><h1 class=\"fusion-responsive-typography-calculated\" style=\"line-height: 1.4\" data-fontsize=\"32\" data-lineheight=\"44.8px\">Actualit\u00e9s<\/h1>\n<\/div><div class=\"fusion-recent-posts fusion-recent-posts-1 avada-container layout-default layout-columns-2\"><section class=\"fusion-columns columns fusion-columns-2 columns-2\"><article class=\"post fusion-column column col col-lg-6 col-md-6 col-sm-6\"><div class=\"fusion-flexslider fusion-flexslider-loading flexslider flexslider-hover-type-none\"><ul class=\"slides\"><li><a href=\"https:\/\/mensa-france.net\/ral-public\/2024\/10\/08\/conference-publique-comprendre-lhypersensibilite\/\" aria-label=\"Conf\u00e9rence publique : comprendre l&rsquo;hypersensibilit\u00e9\" class=\"hover-type-none\"><img decoding=\"async\" width=\"700\" height=\"441\" src=\"https:\/\/mensa-france.net\/ral-public\/wp-content\/uploads\/sites\/23\/2024\/10\/affiche-hypersensibilite-700x441.jpg\" class=\"attachment-recent-posts size-recent-posts\" alt=\"\" srcset=\"https:\/\/mensa-france.net\/ral-public\/wp-content\/uploads\/sites\/23\/2024\/10\/affiche-hypersensibilite-320x202.jpg 320w, https:\/\/mensa-france.net\/ral-public\/wp-content\/uploads\/sites\/23\/2024\/10\/affiche-hypersensibilite-700x441.jpg 700w\" sizes=\"(max-width: 700px) 100vw, 700px\" \/><\/a><\/li><\/ul><\/div><div class=\"recent-posts-content\"><span class=\"vcard\" style=\"display: none;\"><span class=\"fn\"><a href=\"https:\/\/mensa-france.net\/ral-public\/author\/7244\/\" title=\"Articles par Admin\" rel=\"author\">Admin<\/a><\/span><\/span><span class=\"updated\" style=\"display:none;\">2024-10-31T18:38:23+01:00<\/span><h4 class=\"entry-title\"><a href=\"https:\/\/mensa-france.net\/ral-public\/2024\/10\/08\/conference-publique-comprendre-lhypersensibilite\/\">Conf\u00e9rence publique : comprendre l&rsquo;hypersensibilit\u00e9<\/a><\/h4><p> Mensa Rh\u00f4ne-Alpes vous propose une conf\u00e9rence publique gratuite et accessible \u00e0 tous, anim\u00e9e par Nathalie CLOBERT, le 16 novembre de 14h \u00e0 16h30 au CCO de la Rayonne \u00e0\u00a0 [...]<\/p><\/div><\/article><article class=\"post fusion-column column col col-lg-6 col-md-6 col-sm-6\"><div class=\"fusion-flexslider fusion-flexslider-loading flexslider flexslider-hover-type-none\"><ul class=\"slides\"><li><a href=\"https:\/\/mensa-france.net\/ral-public\/2023\/02\/10\/conference-publique-qui-sont-les-poissons\/\" aria-label=\"Conf\u00e9rence publique : Qui sont les poissons ?\" class=\"hover-type-none\"><img decoding=\"async\" width=\"700\" height=\"441\" src=\"https:\/\/mensa-france.net\/ral-public\/wp-content\/uploads\/sites\/23\/2023\/02\/WhatsApp-Image-2023-02-13-at-19.03.01-700x441.jpeg\" class=\"attachment-recent-posts size-recent-posts\" alt=\"\" srcset=\"https:\/\/mensa-france.net\/ral-public\/wp-content\/uploads\/sites\/23\/2023\/02\/WhatsApp-Image-2023-02-13-at-19.03.01-320x202.jpeg 320w, https:\/\/mensa-france.net\/ral-public\/wp-content\/uploads\/sites\/23\/2023\/02\/WhatsApp-Image-2023-02-13-at-19.03.01-700x441.jpeg 700w\" sizes=\"(max-width: 700px) 100vw, 700px\" \/><\/a><\/li><\/ul><\/div><div class=\"recent-posts-content\"><span class=\"vcard\" style=\"display: none;\"><span class=\"fn\"><a href=\"https:\/\/mensa-france.net\/ral-public\/author\/7244\/\" title=\"Articles par Admin\" rel=\"author\">Admin<\/a><\/span><\/span><span class=\"updated\" style=\"display:none;\">2024-10-08T01:15:48+02:00<\/span><h4 class=\"entry-title\"><a href=\"https:\/\/mensa-france.net\/ral-public\/2023\/02\/10\/conference-publique-qui-sont-les-poissons\/\">Conf\u00e9rence publique : Qui sont les poissons ?<\/a><\/h4><p> Mensa Rh\u00f4ne-Alpes vous propose une conf\u00e9rence publique gratuite, anim\u00e9e par S\u00e9bastien Moro, le 3 juin \u00e0 14h30 au CCO de Villeurbanne, une \u00e9pop\u00e9e scientifique et pleine d'humour \u00e0 la [...]<\/p><\/div><\/article><\/section><\/div><div class=\"fusion-text fusion-text-2\"><\/div><div class=\"fusion-clearfix\"><\/div><\/div><\/div><div class=\"fusion-layout-column fusion_builder_column fusion-builder-column-1 fusion_builder_column_1_4 1_4 fusion-one-fourth fusion-column-last\" style=\"--awb-bg-size:cover;width:25%;width:calc(25% - ( ( 4% ) * 0.25 ) );\"><div class=\"fusion-column-wrapper fusion-flex-column-wrapper-legacy\"><style type='text\/css'>.reading-box-container-1 .element-bottomshadow:before,.reading-box-container-1 .element-bottomshadow:after{opacity:0.7;}<\/style><div class=\"fusion-reading-box-container reading-box-container-1\" style=\"--awb-title-color:#424242;--awb-margin-top:0px;--awb-margin-bottom:84px;\"><div class=\"reading-box reading-box-center element-bottomshadow\" style=\"background-color:#ffffff;border-width:0px;border-color:#f6f6f6;border-top-width:3px;border-top-color:var(--primary_color);border-style:solid;\"><h2>Prochains tests<\/h2><div class=\"reading-box-additional fusion-reading-box-additional\">\n<\/div><div class=\"fusion-clearfix\"><\/div><a class=\"button fusion-button button-blue fusion-button-default-size button-default-size button-flat fusion-mobile-button continue-center\" style=\"-webkit-box-shadow:none;-moz-box-shadow:none;box-shadow:none;border-radius:2px 2px 2px 2px\" href=\"https:\/\/mensa-france.net\/nous-rejoindre\/etre-admis-a-mensa\/\" target=\"_self\"><span>S'inscrire<\/span><\/a><\/div><\/div><style type='text\/css'>.reading-box-container-2 .element-bottomshadow:before,.reading-box-container-2 .element-bottomshadow:after{opacity:0.7;}<\/style><div class=\"fusion-reading-box-container reading-box-container-2\" style=\"--awb-title-color:#424242;--awb-margin-top:0px;--awb-margin-bottom:84px;\"><div class=\"reading-box reading-box-center element-bottomshadow\" style=\"background-color:#ffffff;border-width:0px;border-color:#f6f6f6;border-top-width:3px;border-top-color:var(--primary_color);border-style:solid;\"><h2>Liens<br><\/h2><div class=\"reading-box-additional fusion-reading-box-additional\">\n<p><a href=\"https:\/\/mensa-france.net\/\"><img decoding=\"async\" class=\"alignnone wp-image-211\" src=\"https:\/\/mensa-france.net\/ral-public\/wp-content\/uploads\/sites\/23\/2017\/11\/Mensa_logo-1.png\" alt=\"Mensa France\" width=\"85\" height=\"40\" \/><\/a>\u00a0 <a href=\"https:\/\/www.youtube.com\/channel\/UCqA89gSQdai5Cm-ezf8-Ugg\"><img decoding=\"async\" class=\"alignnone wp-image-1181\" src=\"https:\/\/mensa-france.net\/ral-public\/wp-content\/uploads\/sites\/23\/2021\/04\/youtube-logo-en-carre.png\" alt=\"Youtube\" width=\"42\" height=\"42\" srcset=\"https:\/\/mensa-france.net\/ral-public\/wp-content\/uploads\/sites\/23\/2021\/04\/youtube-logo-en-carre-66x66.png 66w, https:\/\/mensa-france.net\/ral-public\/wp-content\/uploads\/sites\/23\/2021\/04\/youtube-logo-en-carre-80x80.png 80w, https:\/\/mensa-france.net\/ral-public\/wp-content\/uploads\/sites\/23\/2021\/04\/youtube-logo-en-carre-125x125.png 125w, https:\/\/mensa-france.net\/ral-public\/wp-content\/uploads\/sites\/23\/2021\/04\/youtube-logo-en-carre-150x150.png 150w, https:\/\/mensa-france.net\/ral-public\/wp-content\/uploads\/sites\/23\/2021\/04\/youtube-logo-en-carre-200x200.png 200w, https:\/\/mensa-france.net\/ral-public\/wp-content\/uploads\/sites\/23\/2021\/04\/youtube-logo-en-carre.png 269w\" sizes=\"(max-width: 42px) 100vw, 42px\" \/><\/a> <a title=\"\" href=\"https:\/\/mensa-france.net\/ral-membres\"><img decoding=\"async\" class=\"alignnone wp-image-1275\" src=\"https:\/\/mensa-france.net\/ral-public\/wp-content\/uploads\/sites\/23\/2021\/04\/ral-logo-294x300.png\" alt=\"Site membre\" width=\"39\" height=\"40\" srcset=\"https:\/\/mensa-france.net\/ral-public\/wp-content\/uploads\/sites\/23\/2021\/04\/ral-logo-66x66.png 66w, https:\/\/mensa-france.net\/ral-public\/wp-content\/uploads\/sites\/23\/2021\/04\/ral-logo-80x80.png 80w, https:\/\/mensa-france.net\/ral-public\/wp-content\/uploads\/sites\/23\/2021\/04\/ral-logo-125x125.png 125w, https:\/\/mensa-france.net\/ral-public\/wp-content\/uploads\/sites\/23\/2021\/04\/ral-logo-150x150.png 150w, https:\/\/mensa-france.net\/ral-public\/wp-content\/uploads\/sites\/23\/2021\/04\/ral-logo-200x200.png 200w, https:\/\/mensa-france.net\/ral-public\/wp-content\/uploads\/sites\/23\/2021\/04\/ral-logo-294x300.png 294w, https:\/\/mensa-france.net\/ral-public\/wp-content\/uploads\/sites\/23\/2021\/04\/ral-logo-400x408.png 400w, https:\/\/mensa-france.net\/ral-public\/wp-content\/uploads\/sites\/23\/2021\/04\/ral-logo-470x480.png 470w, https:\/\/mensa-france.net\/ral-public\/wp-content\/uploads\/sites\/23\/2021\/04\/ral-logo-600x612.png 600w, https:\/\/mensa-france.net\/ral-public\/wp-content\/uploads\/sites\/23\/2021\/04\/ral-logo.png 737w\" sizes=\"(max-width: 39px) 100vw, 39px\" \/><\/a><\/p>\n<\/div><div class=\"fusion-clearfix\"><\/div><\/div><\/div><style type='text\/css'>.reading-box-container-3 .element-bottomshadow:before,.reading-box-container-3 .element-bottomshadow:after{opacity:0.7;}<\/style><div class=\"fusion-reading-box-container reading-box-container-3\" style=\"--awb-title-color:#424242;--awb-margin-top:0px;--awb-margin-bottom:84px;\"><div class=\"reading-box reading-box-center element-bottomshadow\" style=\"background-color:#ffffff;border-width:0px;border-color:#f6f6f6;border-top-width:3px;border-top-color:var(--primary_color);border-style:solid;\"><h2>Nous contacter<\/h2><a class=\"button fusion-button button-blue fusion-button-default-size button-default-size button-flat fusion-mobile-button continue-center\" style=\"-webkit-box-shadow:none;-moz-box-shadow:none;box-shadow:none;border-radius:2px 2px 2px 2px\" href=\"mailto:ral@mensa.fr\" target=\"_self\"><span>ral@mensa.fr<\/span><\/a><\/div><\/div><div class=\"fusion-clearfix\"><\/div><\/div><\/div><\/div><\/div>\n","protected":false},"excerpt":{"rendered":"","protected":false},"author":952,"featured_media":0,"parent":0,"menu_order":0,"comment_status":"closed","ping_status":"closed","template":"","meta":{"footnotes":""},"class_list":["post-858","page","type-page","status-publish","hentry"],"_links":{"self":[{"href":"https:\/\/mensa-france.net\/ral-public\/wp-json\/wp\/v2\/pages\/858","targetHints":{"allow":["GET"]}}],"collection":[{"href":"https:\/\/mensa-france.net\/ral-public\/wp-json\/wp\/v2\/pages"}],"about":[{"href":"https:\/\/mensa-france.net\/ral-public\/wp-json\/wp\/v2\/types\/page"}],"author":[{"embeddable":true,"href":"https:\/\/mensa-france.net\/ral-public\/wp-json\/wp\/v2\/users\/952"}],"replies":[{"embeddable":true,"href":"https:\/\/mensa-france.net\/ral-public\/wp-json\/wp\/v2\/comments?post=858"}],"version-history":[{"count":4,"href":"https:\/\/mensa-france.net\/ral-public\/wp-json\/wp\/v2\/pages\/858\/revisions"}],"predecessor-version":[{"id":1305,"href":"https:\/\/mensa-france.net\/ral-public\/wp-json\/wp\/v2\/pages\/858\/revisions\/1305"}],"wp:attachment":[{"href":"https:\/\/mensa-france.net\/ral-public\/wp-json\/wp\/v2\/media?parent=858"}],"curies":[{"name":"wp","href":"https:\/\/api.w.org\/{rel}","templated":true}]}}