{"id":727,"date":"2021-04-18T18:35:31","date_gmt":"2021-04-18T16:35:31","guid":{"rendered":"https:\/\/mensa-france.net\/ral-public\/?page_id=727"},"modified":"2021-05-23T18:23:19","modified_gmt":"2021-05-23T16:23:19","slug":"et-les-enfants","status":"publish","type":"page","link":"https:\/\/mensa-france.net\/ral-public\/et-les-enfants\/","title":{"rendered":"Et les enfants ?"},"content":{"rendered":"<div class=\"fusion-fullwidth fullwidth-box fusion-builder-row-1 nonhundred-percent-fullwidth non-hundred-percent-height-scrolling\" style=\"--awb-border-radius-top-left:0px;--awb-border-radius-top-right:0px;--awb-border-radius-bottom-right:0px;--awb-border-radius-bottom-left:0px;--awb-padding-top:20px;--awb-padding-bottom:20px;--awb-background-color:#cde0f7;--awb-flex-wrap:wrap;\" ><div class=\"fusion-builder-row fusion-row\"><div class=\"fusion-layout-column fusion_builder_column fusion-builder-column-0 fusion_builder_column_3_4 3_4 fusion-three-fourth fusion-column-first\" style=\"--awb-padding-top:10px;--awb-padding-right:10px;--awb-padding-bottom:10px;--awb-padding-left:10px;--awb-bg-color:#ffffff;--awb-bg-color-hover:#ffffff;--awb-bg-size:cover;width:75%;width:calc(75% - ( ( 4% ) * 0.75 ) );margin-right: 4%;\"><div class=\"fusion-column-wrapper fusion-flex-column-wrapper-legacy\"><div class=\"fusion-text fusion-text-1\"><h1 class=\"fusion-responsive-typography-calculated\" style=\"line-height: 1.4\" data-fontsize=\"32\" data-lineheight=\"44.8px\">Les enfants et l&rsquo;association Mensa<br \/><\/h1>\n<ul style=\"list-style-type: disc\">\n<li>\n<h2 class=\"fusion-responsive-typography-calculated\" style=\"line-height: 1.5\" data-fontsize=\"20\" data-lineheight=\"30px\">Accueil \u00e0 Mensa<\/h2>\n<\/li>\n<\/ul>\n<div>\n<p>A Mensa nous accueillons aussi les enfants, s&rsquo;ils sont sous la surveillance et la responsabilit\u00e9 de leur parent ou tuteur. En Rh\u00f4ne-Alpes, ils se retrouvent surtout durant la journ\u00e9e mensuelle et les journ\u00e9es \u00e0 th\u00e8me. Les parents s&rsquo;organisent \u00e0 l&rsquo;avance pour savoir qui am\u00e8ne ses enfants et leur permettre de s&rsquo;amuser ensemble selon les \u00e2ges.<\/p>\n<p>Ils peuvent participer, accompagn\u00e9s, aux s\u00e9jours d\u2019\u00e9t\u00e9 ou d\u2019hiver rassemblant de nombreux adh\u00e9rents, proposant des activit\u00e9s vari\u00e9es pour tous les \u00e2ges. Comme aux adultes, Mensa permet aux enfants qui y adh\u00e8rent de contacter les autres membres selon leurs centres d\u2019int\u00e9r\u00eat et leurs comp\u00e9tences. Ils peuvent le faire aussi bien en France que dans le reste du monde. Les enfants peuvent solliciter les adultes, et ces derniers ne s\u2019\u00e9tonneront pas de leur curiosit\u00e9 d\u2019esprit, qui est commune \u00e0 la grande majorit\u00e9 de nos adh\u00e9rents.<\/p>\n<p>Plus d&rsquo;informations ici : <a href=\"https:\/\/mensa-france.net\/enfants-precoces\/\">https:\/\/mensa-france.net\/enfants-precoces\/<\/a><\/p>\n<\/div>\n<ul style=\"list-style-type: disc\">\n<li>\n<h2 class=\"fusion-responsive-typography-calculated\" style=\"line-height: 1.5\" data-fontsize=\"20\" data-lineheight=\"30px\">Admission sur dossier<\/h2>\n<\/li>\n<\/ul>\n<p>Pour qu\u2019un enfant soit admissible \u00e0 Mensa, il faut envoyer une copie du compte-rendu du bilan de QI pass\u00e9 aupr\u00e8s d&rsquo;un praticien dipl\u00f4m\u00e9, en comptant 15 \u20ac de frais de traitement du dossier. (Les tests psychom\u00e9triques de Mensa ne sont accessibles qu&rsquo;\u00e0 partir de l&rsquo;\u00e2ge de 18 ans.)<\/p>\n<p>La cotisation pour les jeunes est de 24 \u20ac annuel, et il y a un tarif famille.<\/p>\n<p>Pour plus de renseignements : <a href=\"https:\/\/mensa-france.net\/enfants-precoces\/adhesion-des-jeunes\/\">https:\/\/mensa-france.net\/enfants-precoces\/adhesion-des-jeunes\/<\/a><\/p>\n<ul style=\"list-style-type: disc\">\n<li>\n<h2 class=\"fusion-responsive-typography-calculated\" style=\"line-height: 1.5\" data-fontsize=\"20\" data-lineheight=\"30px\">Les enfants HQI et l&rsquo;\u00e9cole<\/h2>\n<\/li>\n<\/ul>\n<div>\n<p>L\u2019\u00c9ducation Nationale prend progressivement conscience que les enfants ont des besoins sp\u00e9cifiques. Depuis quelques ann\u00e9es, dans chaque acad\u00e9mie, il y a un r\u00e9f\u00e9rent pour ce qui concerne les E.I.P. (Enfants Intellectuellement Pr\u00e9coces). Les enseignants peuvent demander leur appui, et les parents peuvent les encourager dans cette d\u00e9marche.<\/p>\n<p>Pour trouver le correspondant EIP r\u00e9gional : <a href=\"https:\/\/mensa-france.net\/membres\/responsables-delegues\/contacts-enfants-surdoues\/\">https:\/\/mensa-france.net\/membres\/responsables-delegues\/contacts-enfants-surdoues\/<\/a><\/p>\n<\/div>\n<ul style=\"list-style-type: disc\">\n<li>\n<h2 class=\"fusion-responsive-typography-calculated\" style=\"line-height: 1.5\" data-fontsize=\"20\" data-lineheight=\"30px\">Recommandations<\/h2>\n<\/li>\n<\/ul>\n<div>Souhaitant rester ind\u00e9pendante, l&rsquo;association Mensa Rh\u00f4ne-Alpes ne recommande pas d&rsquo;\u00e9tablissements scolaires, ni de professionnels de l\u2019enfance.<\/div>\n<\/div><div class=\"fusion-clearfix\"><\/div><\/div><\/div><div class=\"fusion-layout-column fusion_builder_column fusion-builder-column-1 fusion_builder_column_1_4 1_4 fusion-one-fourth fusion-column-last\" style=\"--awb-bg-size:cover;width:25%;width:calc(25% - ( ( 4% ) * 0.25 ) );\"><div class=\"fusion-column-wrapper fusion-flex-column-wrapper-legacy\"><style type='text\/css'>.reading-box-container-1 .element-bottomshadow:before,.reading-box-container-1 .element-bottomshadow:after{opacity:0.7;}<\/style><div class=\"fusion-reading-box-container reading-box-container-1\" style=\"--awb-title-color:#424242;--awb-margin-top:0px;--awb-margin-bottom:84px;\"><div class=\"reading-box reading-box-center element-bottomshadow\" style=\"background-color:#ffffff;border-width:0px;border-color:#f6f6f6;border-top-width:3px;border-top-color:var(--primary_color);border-style:solid;\"><h2>Prochains tests<\/h2><div class=\"reading-box-additional fusion-reading-box-additional\">\n<\/div><div class=\"fusion-clearfix\"><\/div><a class=\"button fusion-button button-blue fusion-button-default-size button-default-size button-flat fusion-mobile-button continue-center\" style=\"-webkit-box-shadow:none;-moz-box-shadow:none;box-shadow:none;border-radius:2px 2px 2px 2px\" href=\"https:\/\/mensa-france.net\/nous-rejoindre\/etre-admis-a-mensa\/\" target=\"_self\"><span>S'inscrire<\/span><\/a><\/div><\/div><style type='text\/css'>.reading-box-container-2 .element-bottomshadow:before,.reading-box-container-2 .element-bottomshadow:after{opacity:0.7;}<\/style><div class=\"fusion-reading-box-container reading-box-container-2\" style=\"--awb-title-color:#424242;--awb-margin-top:0px;--awb-margin-bottom:84px;\"><div class=\"reading-box reading-box-center element-bottomshadow\" style=\"background-color:#ffffff;border-width:0px;border-color:#f6f6f6;border-top-width:3px;border-top-color:var(--primary_color);border-style:solid;\"><h2>Liens<br><\/h2><div class=\"reading-box-additional fusion-reading-box-additional\">\n<p><a href=\"https:\/\/mensa-france.net\/\"><img decoding=\"async\" class=\"alignnone wp-image-211\" src=\"https:\/\/mensa-france.net\/ral-public\/wp-content\/uploads\/sites\/23\/2017\/11\/Mensa_logo-1.png\" alt=\"Mensa France\" width=\"85\" height=\"40\" \/><\/a>\u00a0 <a href=\"https:\/\/www.youtube.com\/channel\/UCqA89gSQdai5Cm-ezf8-Ugg\"><img decoding=\"async\" class=\"alignnone wp-image-1181\" src=\"https:\/\/mensa-france.net\/ral-public\/wp-content\/uploads\/sites\/23\/2021\/04\/youtube-logo-en-carre.png\" alt=\"Youtube\" width=\"42\" height=\"42\" srcset=\"https:\/\/mensa-france.net\/ral-public\/wp-content\/uploads\/sites\/23\/2021\/04\/youtube-logo-en-carre-66x66.png 66w, https:\/\/mensa-france.net\/ral-public\/wp-content\/uploads\/sites\/23\/2021\/04\/youtube-logo-en-carre-80x80.png 80w, https:\/\/mensa-france.net\/ral-public\/wp-content\/uploads\/sites\/23\/2021\/04\/youtube-logo-en-carre-125x125.png 125w, https:\/\/mensa-france.net\/ral-public\/wp-content\/uploads\/sites\/23\/2021\/04\/youtube-logo-en-carre-150x150.png 150w, https:\/\/mensa-france.net\/ral-public\/wp-content\/uploads\/sites\/23\/2021\/04\/youtube-logo-en-carre-200x200.png 200w, https:\/\/mensa-france.net\/ral-public\/wp-content\/uploads\/sites\/23\/2021\/04\/youtube-logo-en-carre.png 269w\" sizes=\"(max-width: 42px) 100vw, 42px\" \/><\/a> <a title=\"\" href=\"https:\/\/mensa-france.net\/ral-membres\"><img decoding=\"async\" class=\"alignnone wp-image-1275\" src=\"https:\/\/mensa-france.net\/ral-public\/wp-content\/uploads\/sites\/23\/2021\/04\/ral-logo-294x300.png\" alt=\"Site membre\" width=\"39\" height=\"40\" srcset=\"https:\/\/mensa-france.net\/ral-public\/wp-content\/uploads\/sites\/23\/2021\/04\/ral-logo-66x66.png 66w, https:\/\/mensa-france.net\/ral-public\/wp-content\/uploads\/sites\/23\/2021\/04\/ral-logo-80x80.png 80w, https:\/\/mensa-france.net\/ral-public\/wp-content\/uploads\/sites\/23\/2021\/04\/ral-logo-125x125.png 125w, https:\/\/mensa-france.net\/ral-public\/wp-content\/uploads\/sites\/23\/2021\/04\/ral-logo-150x150.png 150w, https:\/\/mensa-france.net\/ral-public\/wp-content\/uploads\/sites\/23\/2021\/04\/ral-logo-200x200.png 200w, https:\/\/mensa-france.net\/ral-public\/wp-content\/uploads\/sites\/23\/2021\/04\/ral-logo-294x300.png 294w, https:\/\/mensa-france.net\/ral-public\/wp-content\/uploads\/sites\/23\/2021\/04\/ral-logo-400x408.png 400w, https:\/\/mensa-france.net\/ral-public\/wp-content\/uploads\/sites\/23\/2021\/04\/ral-logo-470x480.png 470w, https:\/\/mensa-france.net\/ral-public\/wp-content\/uploads\/sites\/23\/2021\/04\/ral-logo-600x612.png 600w, https:\/\/mensa-france.net\/ral-public\/wp-content\/uploads\/sites\/23\/2021\/04\/ral-logo.png 737w\" sizes=\"(max-width: 39px) 100vw, 39px\" \/><\/a><\/p>\n<\/div><div class=\"fusion-clearfix\"><\/div><\/div><\/div><style type='text\/css'>.reading-box-container-3 .element-bottomshadow:before,.reading-box-container-3 .element-bottomshadow:after{opacity:0.7;}<\/style><div class=\"fusion-reading-box-container reading-box-container-3\" style=\"--awb-title-color:#424242;--awb-margin-top:0px;--awb-margin-bottom:84px;\"><div class=\"reading-box reading-box-center element-bottomshadow\" style=\"background-color:#ffffff;border-width:0px;border-color:#f6f6f6;border-top-width:3px;border-top-color:var(--primary_color);border-style:solid;\"><h2>Nous contacter<\/h2><a class=\"button fusion-button button-blue fusion-button-default-size button-default-size button-flat fusion-mobile-button continue-center\" style=\"-webkit-box-shadow:none;-moz-box-shadow:none;box-shadow:none;border-radius:2px 2px 2px 2px\" href=\"mailto:ral@mensa.fr\" target=\"_self\"><span>ral@mensa.fr<\/span><\/a><\/div><\/div><div class=\"fusion-clearfix\"><\/div><\/div><\/div><\/div><\/div>\n","protected":false},"excerpt":{"rendered":"","protected":false},"author":952,"featured_media":0,"parent":0,"menu_order":0,"comment_status":"closed","ping_status":"closed","template":"","meta":{"footnotes":""},"class_list":["post-727","page","type-page","status-publish","hentry"],"_links":{"self":[{"href":"https:\/\/mensa-france.net\/ral-public\/wp-json\/wp\/v2\/pages\/727","targetHints":{"allow":["GET"]}}],"collection":[{"href":"https:\/\/mensa-france.net\/ral-public\/wp-json\/wp\/v2\/pages"}],"about":[{"href":"https:\/\/mensa-france.net\/ral-public\/wp-json\/wp\/v2\/types\/page"}],"author":[{"embeddable":true,"href":"https:\/\/mensa-france.net\/ral-public\/wp-json\/wp\/v2\/users\/952"}],"replies":[{"embeddable":true,"href":"https:\/\/mensa-france.net\/ral-public\/wp-json\/wp\/v2\/comments?post=727"}],"version-history":[{"count":2,"href":"https:\/\/mensa-france.net\/ral-public\/wp-json\/wp\/v2\/pages\/727\/revisions"}],"predecessor-version":[{"id":1341,"href":"https:\/\/mensa-france.net\/ral-public\/wp-json\/wp\/v2\/pages\/727\/revisions\/1341"}],"wp:attachment":[{"href":"https:\/\/mensa-france.net\/ral-public\/wp-json\/wp\/v2\/media?parent=727"}],"curies":[{"name":"wp","href":"https:\/\/api.w.org\/{rel}","templated":true}]}}