{"id":481,"date":"2018-07-08T17:03:27","date_gmt":"2018-07-08T15:03:27","guid":{"rendered":"https:\/\/mensa-france.net\/ral-public\/?page_id=481"},"modified":"2025-05-06T16:22:55","modified_gmt":"2025-05-06T14:22:55","slug":"mensa-rhone-alpes","status":"publish","type":"page","link":"https:\/\/mensa-france.net\/ral-public\/mensa-rhone-alpes\/","title":{"rendered":"Mensa Rh\u00f4ne-Alpes"},"content":{"rendered":"<div class=\"fusion-fullwidth fullwidth-box fusion-builder-row-1 nonhundred-percent-fullwidth non-hundred-percent-height-scrolling\" style=\"--awb-border-radius-top-left:0px;--awb-border-radius-top-right:0px;--awb-border-radius-bottom-right:0px;--awb-border-radius-bottom-left:0px;--awb-padding-top:20px;--awb-padding-bottom:20px;--awb-background-color:#cde0f7;--awb-flex-wrap:wrap;\" ><div class=\"fusion-builder-row fusion-row\"><div class=\"fusion-layout-column fusion_builder_column fusion-builder-column-0 fusion_builder_column_3_4 3_4 fusion-three-fourth fusion-column-first\" style=\"--awb-padding-top:10px;--awb-padding-right:10px;--awb-padding-bottom:10px;--awb-padding-left:10px;--awb-bg-color:#ffffff;--awb-bg-color-hover:#ffffff;--awb-bg-size:cover;width:75%;width:calc(75% - ( ( 4% ) * 0.75 ) );margin-right: 4%;\"><div class=\"fusion-column-wrapper fusion-flex-column-wrapper-legacy\"><div class=\"fusion-text fusion-text-1\"><h1 class=\"\" style=\"line-height: 1.4\" data-fontsize=\"32\" data-lineheight=\"44.8px\">Association Mensa Rh\u00f4ne-Alpes<\/h1>\n<p><img decoding=\"async\" class=\"alignleft wp-image-334\" src=\"https:\/\/mensa-france.net\/ral-public\/wp-content\/uploads\/sites\/23\/2017\/11\/logo.png\" alt=\"\" width=\"130\" height=\"87\" \/><\/p>\n<p>Mensa est une association de personnes \u00e0 haut quotient intellectuel (HQI) qui facilite \u00e9changes et partages riches au sein d&rsquo;une communaut\u00e9 chaleureuse et stimulante. Nous comptons aujourd&rsquo;hui plus de 400 membres en Rh\u00f4ne-Alpes, et plus de 4000 en France.<\/p>\n<p>Son fonctionnement est participatif : les membres cr\u00e9ent des activit\u00e9s, proposent des id\u00e9es, et participent \u00e0 des projets. Le Conseil d&rsquo;Administration aide et coordonne l&rsquo;organisation. Et nous sommes tous b\u00e9n\u00e9voles. Mensa est fait de ce que chacun y apporte !<\/p>\n<p>L&rsquo;association Mensa Rh\u00f4ne-Alpes couvre les d\u00e9partements de l&rsquo;Ain, Ard\u00e8che, Dr\u00f4me, Is\u00e8re, Loire, Rh\u00f4ne, Savoie, Haute-Savoie, et rencontre r\u00e9guli\u00e8rement les membres des r\u00e9gions limitrophes (Auvergne, Bourgogne-Franche-Comt\u00e9, Suisse).<\/p>\n<\/div><div class=\"fusion-text fusion-text-2\"><ul>\n<li>\n<h2 class=\"\" style=\"line-height: 1.5\" data-fontsize=\"20\" data-lineheight=\"30px\">Journ\u00e9e mensuelle mensane<\/h2>\n<\/li>\n<\/ul>\n<p><img decoding=\"async\" class=\"alignleft wp-image-793\" title=\"\" src=\"https:\/\/mensa-france.net\/ral-public\/wp-content\/uploads\/sites\/23\/2021\/04\/smile-4028053_1920-150x150.jpg\" alt=\"\" width=\"130\" height=\"87\" srcset=\"https:\/\/mensa-france.net\/ral-public\/wp-content\/uploads\/sites\/23\/2021\/04\/smile-4028053_1920-200x133.jpg 200w, https:\/\/mensa-france.net\/ral-public\/wp-content\/uploads\/sites\/23\/2021\/04\/smile-4028053_1920-300x200.jpg 300w, https:\/\/mensa-france.net\/ral-public\/wp-content\/uploads\/sites\/23\/2021\/04\/smile-4028053_1920-400x267.jpg 400w, https:\/\/mensa-france.net\/ral-public\/wp-content\/uploads\/sites\/23\/2021\/04\/smile-4028053_1920-600x400.jpg 600w, https:\/\/mensa-france.net\/ral-public\/wp-content\/uploads\/sites\/23\/2021\/04\/smile-4028053_1920-640x427.jpg 640w, https:\/\/mensa-france.net\/ral-public\/wp-content\/uploads\/sites\/23\/2021\/04\/smile-4028053_1920-768x512.jpg 768w, https:\/\/mensa-france.net\/ral-public\/wp-content\/uploads\/sites\/23\/2021\/04\/smile-4028053_1920-800x533.jpg 800w, https:\/\/mensa-france.net\/ral-public\/wp-content\/uploads\/sites\/23\/2021\/04\/smile-4028053_1920-1024x683.jpg 1024w, https:\/\/mensa-france.net\/ral-public\/wp-content\/uploads\/sites\/23\/2021\/04\/smile-4028053_1920.jpg 1200w\" sizes=\"(max-width: 130px) 100vw, 130px\" \/>Chaque mois, nous nous retrouvons autour d\u02bcune journ\u00e9e enti\u00e8re d\u02bcactivit\u00e9s, entre 10h et 23h. Chacun peut participer \u00e0 sa convenance, en faisant la journ\u00e9e continue, ou en picorant selon ses go\u00fbts et disponibilit\u00e9s. Parfois on fait aussi des journ\u00e9es \u00e0 th\u00e8me, tr\u00e8s appr\u00e9ci\u00e9es (Harry Potter, licorne\u2026)<\/p>\n<p>Elle a lieu en g\u00e9n\u00e9ral le deuxi\u00e8me samedi de chaque mois (au Nord de Lyon, 69), avec notamment : atelier relaxation, groupes de parole ou cod\u00e9veloppement, d\u00e9jeuner sur le pouce, cercle litt\u00e9raire, sessions-jeux, ateliers divers (\u00e9colo DIY, cr\u00e9atif, sport&#8230;), go\u00fbter partag\u00e9, conf\u00e9rence, restaurant le soir.<\/p>\n<p>C\u2019est g\u00e9n\u00e9ralement ce qui r\u00e9unit le plus de membres. Les \u00e9changes sont riches, on rit copieusement et on est heureux de revoir nos amis mensans. En bref, on se sent bien et on peut \u00eatre vrai, c\u2019est comme une grande bouff\u00e9e d\u2019oxyg\u00e8ne !<\/p>\n<ul>\n<li>\n<h2 class=\"\" style=\"line-height: 1.5\" data-fontsize=\"20\" data-lineheight=\"30px\">Accueil des nouveaux<\/h2>\n<\/li>\n<\/ul>\n<p><img decoding=\"async\" class=\"alignleft wp-image-788\" title=\"\" src=\"https:\/\/mensa-france.net\/ral-public\/wp-content\/uploads\/sites\/23\/2021\/04\/sign-741813_1920-150x150.jpg\" alt=\"\" width=\"130\" height=\"87\" srcset=\"https:\/\/mensa-france.net\/ral-public\/wp-content\/uploads\/sites\/23\/2021\/04\/sign-741813_1920-200x133.jpg 200w, https:\/\/mensa-france.net\/ral-public\/wp-content\/uploads\/sites\/23\/2021\/04\/sign-741813_1920-300x200.jpg 300w, https:\/\/mensa-france.net\/ral-public\/wp-content\/uploads\/sites\/23\/2021\/04\/sign-741813_1920-400x266.jpg 400w, https:\/\/mensa-france.net\/ral-public\/wp-content\/uploads\/sites\/23\/2021\/04\/sign-741813_1920-600x400.jpg 600w, https:\/\/mensa-france.net\/ral-public\/wp-content\/uploads\/sites\/23\/2021\/04\/sign-741813_1920-640x426.jpg 640w, https:\/\/mensa-france.net\/ral-public\/wp-content\/uploads\/sites\/23\/2021\/04\/sign-741813_1920-768x511.jpg 768w, https:\/\/mensa-france.net\/ral-public\/wp-content\/uploads\/sites\/23\/2021\/04\/sign-741813_1920-800x533.jpg 800w, https:\/\/mensa-france.net\/ral-public\/wp-content\/uploads\/sites\/23\/2021\/04\/sign-741813_1920-1024x682.jpg 1024w, https:\/\/mensa-france.net\/ral-public\/wp-content\/uploads\/sites\/23\/2021\/04\/sign-741813_1920.jpg 1200w\" sizes=\"(max-width: 130px) 100vw, 130px\" \/>Un Accueil Des Nouveaux est organis\u00e9 tous les 1-2 mois en moyenne, autour d&rsquo;un verre ou repas g\u00e9n\u00e9ralement, ou en ligne. Les anciens pr\u00e9sentent l\u2019association, les nouveaux posent des questions, parlent d\u2019eux et de comment ils ont connu Mensa, ce qu\u2019ils en esp\u00e8rent, etc.<\/p>\n<p>L\u2019ambiance est conviviale : c&rsquo;est sympathique d\u2019\u00e9voquer pourquoi on aime notre association, de d\u00e9couvrir de belles personnes et ne jamais vraiment suivre le fil de discussion plus ou moins pr\u00e9vu, d\u2019en rire, et d\u2019informer malgr\u00e9 et par des circonvolutions improbables.<\/p>\n<\/div><div class=\"fusion-text fusion-text-3\"><ul>\n<li>\n<h2 class=\"fusion-responsive-typography-calculated\" style=\"line-height: 1.5\" data-fontsize=\"20\" data-lineheight=\"30px\">Conf\u00e9rences mensanes<\/h2>\n<\/li>\n<\/ul>\n<p><img decoding=\"async\" class=\"wp-image-915 size-fusion-200 alignleft\" title=\"\" src=\"https:\/\/mensa-france.net\/ral-public\/wp-content\/uploads\/sites\/23\/2021\/04\/pixel-cells-3976296_1280-200x160.png\" alt=\"\" width=\"200\" height=\"160\" srcset=\"https:\/\/mensa-france.net\/ral-public\/wp-content\/uploads\/sites\/23\/2021\/04\/pixel-cells-3976296_1280-177x142.png 177w, https:\/\/mensa-france.net\/ral-public\/wp-content\/uploads\/sites\/23\/2021\/04\/pixel-cells-3976296_1280-200x160.png 200w, https:\/\/mensa-france.net\/ral-public\/wp-content\/uploads\/sites\/23\/2021\/04\/pixel-cells-3976296_1280-300x241.png 300w, https:\/\/mensa-france.net\/ral-public\/wp-content\/uploads\/sites\/23\/2021\/04\/pixel-cells-3976296_1280-400x321.png 400w, https:\/\/mensa-france.net\/ral-public\/wp-content\/uploads\/sites\/23\/2021\/04\/pixel-cells-3976296_1280-599x480.png 599w, https:\/\/mensa-france.net\/ral-public\/wp-content\/uploads\/sites\/23\/2021\/04\/pixel-cells-3976296_1280-600x481.png 600w, https:\/\/mensa-france.net\/ral-public\/wp-content\/uploads\/sites\/23\/2021\/04\/pixel-cells-3976296_1280-768x616.png 768w, https:\/\/mensa-france.net\/ral-public\/wp-content\/uploads\/sites\/23\/2021\/04\/pixel-cells-3976296_1280-800x641.png 800w, https:\/\/mensa-france.net\/ral-public\/wp-content\/uploads\/sites\/23\/2021\/04\/pixel-cells-3976296_1280-1024x821.png 1024w, https:\/\/mensa-france.net\/ral-public\/wp-content\/uploads\/sites\/23\/2021\/04\/pixel-cells-3976296_1280.png 1200w\" sizes=\"(max-width: 200px) 100vw, 200px\" \/>Des conf\u00e9rences internes, chaque mois, sont propos\u00e9es aux membres durant la journ\u00e9e mensuelle.<\/p>\n<p>Et bien souvent, des membres, int\u00e9ress\u00e9s par une conf\u00e9rence ext\u00e9rieure \u00e0 l&rsquo;association, proposent d&rsquo;y aller entre Mensans. (Et \u00e7a finit souvent par un restaurant.)<\/p>\n<p>Des conf\u00e9rences publiques de plus grande envergure sont propos\u00e9es 1 fois par an par l&rsquo;association, comme celles B. Croisille sur la m\u00e9moire, A. Guillot sur la plasticit\u00e9 c\u00e9r\u00e9brale, N. Gauvrit sur les surdou\u00e9s ordinaires\u2026<\/p>\n<\/div><div class=\"fusion-text fusion-text-4\"><ul>\n<li>\n<h2 class=\"fusion-responsive-typography-calculated\" style=\"line-height: 1.5\" data-fontsize=\"20\" data-lineheight=\"30px\">Visites, balades et restaurants<\/h2>\n<\/li>\n<\/ul>\n<p>Nous aimons d\u00e9couvrir de nouveaux lieux ! Nous nous retrouvons r\u00e9guli\u00e8rement pour des balades d\u00e9couvertes en ville, des randonn\u00e9es, des visites culturelles et\/ou scientifiques (mus\u00e9es, sortie pal\u00e9ontologique, village m\u00e9di\u00e9val, tourisme local&#8230;)<\/p>\n<p><img decoding=\"async\" class=\"alignleft wp-image-919\" title=\"\" src=\"https:\/\/mensa-france.net\/ral-public\/wp-content\/uploads\/sites\/23\/2021\/04\/food-1050813_1920-150x150.jpg\" alt=\"\" width=\"130\" height=\"173\" data-wp-editing=\"1\" srcset=\"https:\/\/mensa-france.net\/ral-public\/wp-content\/uploads\/sites\/23\/2021\/04\/food-1050813_1920-200x267.jpg 200w, https:\/\/mensa-france.net\/ral-public\/wp-content\/uploads\/sites\/23\/2021\/04\/food-1050813_1920-225x300.jpg 225w, https:\/\/mensa-france.net\/ral-public\/wp-content\/uploads\/sites\/23\/2021\/04\/food-1050813_1920-360x480.jpg 360w, https:\/\/mensa-france.net\/ral-public\/wp-content\/uploads\/sites\/23\/2021\/04\/food-1050813_1920-400x533.jpg 400w, https:\/\/mensa-france.net\/ral-public\/wp-content\/uploads\/sites\/23\/2021\/04\/food-1050813_1920-600x800.jpg 600w, https:\/\/mensa-france.net\/ral-public\/wp-content\/uploads\/sites\/23\/2021\/04\/food-1050813_1920-768x1024.jpg 768w, https:\/\/mensa-france.net\/ral-public\/wp-content\/uploads\/sites\/23\/2021\/04\/food-1050813_1920-800x1067.jpg 800w, https:\/\/mensa-france.net\/ral-public\/wp-content\/uploads\/sites\/23\/2021\/04\/food-1050813_1920.jpg 900w\" sizes=\"(max-width: 130px) 100vw, 130px\" \/>Et quoi de mieux que combler nos papilles gustatives par des pique-niques, restaurants, ap\u00e9ros ou caf\u00e9s en terrasse !<\/p>\n<p>Nous multiplions aussi nos sorties ludiques : soir\u00e9es jeux, escape game, concerts, vernissages, spectacles, initiations \u00e0 la danse, etc.<\/p>\n<p>Ces moments d&rsquo;\u00e9changes riches et spontan\u00e9s sont pr\u00e9cieux pour les Mensans.<\/p>\n<\/div><div class=\"fusion-text fusion-text-5\"><ul>\n<li>\n<h2 class=\"\" style=\"line-height: 1.5\" data-fontsize=\"20\" data-lineheight=\"30px\">S\u00e9jours<\/h2>\n<\/li>\n<\/ul>\n<p><img decoding=\"async\" class=\"wp-image-790 size-fusion-200 alignleft\" title=\"\" src=\"https:\/\/mensa-france.net\/ral-public\/wp-content\/uploads\/sites\/23\/2021\/04\/paragliding-4669852_1920-200x133.jpg\" alt=\"\" width=\"200\" height=\"133\" srcset=\"https:\/\/mensa-france.net\/ral-public\/wp-content\/uploads\/sites\/23\/2021\/04\/paragliding-4669852_1920-200x133.jpg 200w, https:\/\/mensa-france.net\/ral-public\/wp-content\/uploads\/sites\/23\/2021\/04\/paragliding-4669852_1920-300x200.jpg 300w, https:\/\/mensa-france.net\/ral-public\/wp-content\/uploads\/sites\/23\/2021\/04\/paragliding-4669852_1920-400x267.jpg 400w, https:\/\/mensa-france.net\/ral-public\/wp-content\/uploads\/sites\/23\/2021\/04\/paragliding-4669852_1920-600x400.jpg 600w, https:\/\/mensa-france.net\/ral-public\/wp-content\/uploads\/sites\/23\/2021\/04\/paragliding-4669852_1920-640x427.jpg 640w, https:\/\/mensa-france.net\/ral-public\/wp-content\/uploads\/sites\/23\/2021\/04\/paragliding-4669852_1920-768x512.jpg 768w, https:\/\/mensa-france.net\/ral-public\/wp-content\/uploads\/sites\/23\/2021\/04\/paragliding-4669852_1920-800x533.jpg 800w, https:\/\/mensa-france.net\/ral-public\/wp-content\/uploads\/sites\/23\/2021\/04\/paragliding-4669852_1920-1024x683.jpg 1024w, https:\/\/mensa-france.net\/ral-public\/wp-content\/uploads\/sites\/23\/2021\/04\/paragliding-4669852_1920.jpg 1200w\" sizes=\"(max-width: 200px) 100vw, 200px\" \/><\/p>\n<p>Pour d\u00e9couvrir de nouveaux endroits, en France et dans le monde entier. Des journ\u00e9es d\u00e9partementales et rencontres interr\u00e9gionales (Macon, Tournus\u2026), des week-ends Mensans (St Gervais, St-Pierre-de-Chartreuse, Chamrousse, Lyon, Annecy\u2026), aux rencontres nationales, ou plus si souhait\u00e9 !<\/p>\n<p>Par exemple, en 2017, l\u02bcid\u00e9e est venue d\u02bcune membre qui voulait retourner en Irlande, et a propos\u00e9 de partir entre Mensans. Aussit\u00f4t dit, aussit\u00f4t organis\u00e9 ! 5 Mensans ont profit\u00e9 du s\u00e9jour, de Dublin \u00e0 Belfast pour ensuite d\u00e9couvrir la partie nord de l\u02bc\u00eele, il y avait tant de choses \u00e0 voir ! Sans compter plusieurs repas avec les Mensans irlandais remerci\u00e9s pour leur accueil chaleureux.<\/p>\n<\/div><div class=\"fusion-clearfix\"><\/div><\/div><\/div><div class=\"fusion-layout-column fusion_builder_column fusion-builder-column-1 fusion_builder_column_1_4 1_4 fusion-one-fourth fusion-column-last\" style=\"--awb-bg-size:cover;width:25%;width:calc(25% - ( ( 4% ) * 0.25 ) );\"><div class=\"fusion-column-wrapper fusion-flex-column-wrapper-legacy\"><style type='text\/css'>.reading-box-container-1 .element-bottomshadow:before,.reading-box-container-1 .element-bottomshadow:after{opacity:0.7;}<\/style><div class=\"fusion-reading-box-container reading-box-container-1\" style=\"--awb-title-color:#424242;--awb-margin-top:0px;--awb-margin-bottom:84px;\"><div class=\"reading-box reading-box-center element-bottomshadow\" style=\"background-color:#ffffff;border-width:0px;border-color:#f6f6f6;border-top-width:3px;border-top-color:var(--primary_color);border-style:solid;\"><h2>Prochains tests<\/h2><div class=\"reading-box-additional fusion-reading-box-additional\">\n<\/div><div class=\"fusion-clearfix\"><\/div><a class=\"button fusion-button button-blue fusion-button-default-size button-default-size button-flat fusion-mobile-button continue-center\" style=\"-webkit-box-shadow:none;-moz-box-shadow:none;box-shadow:none;border-radius:2px 2px 2px 2px\" href=\"https:\/\/mensa-france.net\/nous-rejoindre\/etre-admis-a-mensa\/\" target=\"_self\"><span>S'inscrire<\/span><\/a><\/div><\/div><style type='text\/css'>.reading-box-container-2 .element-bottomshadow:before,.reading-box-container-2 .element-bottomshadow:after{opacity:0.7;}<\/style><div class=\"fusion-reading-box-container reading-box-container-2\" style=\"--awb-title-color:#424242;--awb-margin-top:0px;--awb-margin-bottom:84px;\"><div class=\"reading-box reading-box-center element-bottomshadow\" style=\"background-color:#ffffff;border-width:0px;border-color:#f6f6f6;border-top-width:3px;border-top-color:var(--primary_color);border-style:solid;\"><h2>Liens<br><\/h2><div class=\"reading-box-additional fusion-reading-box-additional\">\n<p><a href=\"https:\/\/mensa-france.net\/\"><img decoding=\"async\" class=\"alignnone wp-image-211\" src=\"https:\/\/mensa-france.net\/ral-public\/wp-content\/uploads\/sites\/23\/2017\/11\/Mensa_logo-1.png\" alt=\"Mensa France\" width=\"85\" height=\"40\" \/><\/a>\u00a0 <a href=\"https:\/\/www.youtube.com\/channel\/UCqA89gSQdai5Cm-ezf8-Ugg\"><img decoding=\"async\" class=\"alignnone wp-image-1181\" src=\"https:\/\/mensa-france.net\/ral-public\/wp-content\/uploads\/sites\/23\/2021\/04\/youtube-logo-en-carre.png\" alt=\"Youtube\" width=\"42\" height=\"42\" srcset=\"https:\/\/mensa-france.net\/ral-public\/wp-content\/uploads\/sites\/23\/2021\/04\/youtube-logo-en-carre-66x66.png 66w, https:\/\/mensa-france.net\/ral-public\/wp-content\/uploads\/sites\/23\/2021\/04\/youtube-logo-en-carre-80x80.png 80w, https:\/\/mensa-france.net\/ral-public\/wp-content\/uploads\/sites\/23\/2021\/04\/youtube-logo-en-carre-125x125.png 125w, https:\/\/mensa-france.net\/ral-public\/wp-content\/uploads\/sites\/23\/2021\/04\/youtube-logo-en-carre-150x150.png 150w, https:\/\/mensa-france.net\/ral-public\/wp-content\/uploads\/sites\/23\/2021\/04\/youtube-logo-en-carre-200x200.png 200w, https:\/\/mensa-france.net\/ral-public\/wp-content\/uploads\/sites\/23\/2021\/04\/youtube-logo-en-carre.png 269w\" sizes=\"(max-width: 42px) 100vw, 42px\" \/><\/a> <a title=\"\" href=\"https:\/\/mensa-france.net\/ral-membres\"><img decoding=\"async\" class=\"alignnone wp-image-1275\" src=\"https:\/\/mensa-france.net\/ral-public\/wp-content\/uploads\/sites\/23\/2021\/04\/ral-logo-294x300.png\" alt=\"Site membre\" width=\"39\" height=\"40\" srcset=\"https:\/\/mensa-france.net\/ral-public\/wp-content\/uploads\/sites\/23\/2021\/04\/ral-logo-66x66.png 66w, https:\/\/mensa-france.net\/ral-public\/wp-content\/uploads\/sites\/23\/2021\/04\/ral-logo-80x80.png 80w, https:\/\/mensa-france.net\/ral-public\/wp-content\/uploads\/sites\/23\/2021\/04\/ral-logo-125x125.png 125w, https:\/\/mensa-france.net\/ral-public\/wp-content\/uploads\/sites\/23\/2021\/04\/ral-logo-150x150.png 150w, https:\/\/mensa-france.net\/ral-public\/wp-content\/uploads\/sites\/23\/2021\/04\/ral-logo-200x200.png 200w, https:\/\/mensa-france.net\/ral-public\/wp-content\/uploads\/sites\/23\/2021\/04\/ral-logo-294x300.png 294w, https:\/\/mensa-france.net\/ral-public\/wp-content\/uploads\/sites\/23\/2021\/04\/ral-logo-400x408.png 400w, https:\/\/mensa-france.net\/ral-public\/wp-content\/uploads\/sites\/23\/2021\/04\/ral-logo-470x480.png 470w, https:\/\/mensa-france.net\/ral-public\/wp-content\/uploads\/sites\/23\/2021\/04\/ral-logo-600x612.png 600w, https:\/\/mensa-france.net\/ral-public\/wp-content\/uploads\/sites\/23\/2021\/04\/ral-logo.png 737w\" sizes=\"(max-width: 39px) 100vw, 39px\" \/><\/a><\/p>\n<\/div><div class=\"fusion-clearfix\"><\/div><\/div><\/div><style type='text\/css'>.reading-box-container-3 .element-bottomshadow:before,.reading-box-container-3 .element-bottomshadow:after{opacity:0.7;}<\/style><div class=\"fusion-reading-box-container reading-box-container-3\" style=\"--awb-title-color:#424242;--awb-margin-top:0px;--awb-margin-bottom:84px;\"><div class=\"reading-box reading-box-center element-bottomshadow\" style=\"background-color:#ffffff;border-width:0px;border-color:#f6f6f6;border-top-width:3px;border-top-color:var(--primary_color);border-style:solid;\"><h2>Nous contacter<\/h2><a class=\"button fusion-button button-blue fusion-button-default-size button-default-size button-flat fusion-mobile-button continue-center\" style=\"-webkit-box-shadow:none;-moz-box-shadow:none;box-shadow:none;border-radius:2px 2px 2px 2px\" href=\"mailto:ral@mensa.fr\" target=\"_self\"><span>ral@mensa.fr<\/span><\/a><\/div><\/div><div class=\"fusion-clearfix\"><\/div><\/div><\/div><\/div><\/div>\n","protected":false},"excerpt":{"rendered":"<p>yes<\/p>\n","protected":false},"author":360,"featured_media":0,"parent":0,"menu_order":0,"comment_status":"closed","ping_status":"closed","template":"","meta":{"footnotes":""},"class_list":["post-481","page","type-page","status-publish","hentry"],"_links":{"self":[{"href":"https:\/\/mensa-france.net\/ral-public\/wp-json\/wp\/v2\/pages\/481","targetHints":{"allow":["GET"]}}],"collection":[{"href":"https:\/\/mensa-france.net\/ral-public\/wp-json\/wp\/v2\/pages"}],"about":[{"href":"https:\/\/mensa-france.net\/ral-public\/wp-json\/wp\/v2\/types\/page"}],"author":[{"embeddable":true,"href":"https:\/\/mensa-france.net\/ral-public\/wp-json\/wp\/v2\/users\/360"}],"replies":[{"embeddable":true,"href":"https:\/\/mensa-france.net\/ral-public\/wp-json\/wp\/v2\/comments?post=481"}],"version-history":[{"count":3,"href":"https:\/\/mensa-france.net\/ral-public\/wp-json\/wp\/v2\/pages\/481\/revisions"}],"predecessor-version":[{"id":1397,"href":"https:\/\/mensa-france.net\/ral-public\/wp-json\/wp\/v2\/pages\/481\/revisions\/1397"}],"wp:attachment":[{"href":"https:\/\/mensa-france.net\/ral-public\/wp-json\/wp\/v2\/media?parent=481"}],"curies":[{"name":"wp","href":"https:\/\/api.w.org\/{rel}","templated":true}]}}