{"id":476,"date":"2018-07-08T16:36:30","date_gmt":"2018-07-08T14:36:30","guid":{"rendered":"https:\/\/mensa-france.net\/ral-public\/?page_id=476"},"modified":"2021-04-28T14:54:29","modified_gmt":"2021-04-28T12:54:29","slug":"mensa-international","status":"publish","type":"page","link":"https:\/\/mensa-france.net\/ral-public\/mensa-international\/","title":{"rendered":"Mensa international"},"content":{"rendered":"<div class=\"fusion-fullwidth fullwidth-box fusion-builder-row-1 nonhundred-percent-fullwidth non-hundred-percent-height-scrolling\" style=\"--awb-border-radius-top-left:0px;--awb-border-radius-top-right:0px;--awb-border-radius-bottom-right:0px;--awb-border-radius-bottom-left:0px;--awb-padding-top:20px;--awb-padding-bottom:20px;--awb-background-color:#cde0f7;--awb-flex-wrap:wrap;\" ><div class=\"fusion-builder-row fusion-row\"><div class=\"fusion-layout-column fusion_builder_column fusion-builder-column-0 fusion_builder_column_3_4 3_4 fusion-three-fourth fusion-column-first\" style=\"--awb-padding-top:10px;--awb-padding-right:10px;--awb-padding-bottom:10px;--awb-padding-left:10px;--awb-bg-color:#ffffff;--awb-bg-color-hover:#ffffff;--awb-bg-size:cover;width:75%;width:calc(75% - ( ( 4% ) * 0.75 ) );margin-right: 4%;\"><div class=\"fusion-column-wrapper fusion-flex-column-wrapper-legacy\"><div class=\"fusion-text fusion-text-1\"><h1 class=\"\" style=\"line-height: 1.4\" data-fontsize=\"32\" data-lineheight=\"44.8px\">Mensa dans le monde<\/h1>\n<p><a href=\"https:\/\/www.mensa.org\"><img decoding=\"async\" class=\"alignnone wp-image-273 size-fusion-200\" title=\"\" src=\"https:\/\/mensa-france.net\/ral-public\/wp-content\/uploads\/sites\/23\/2017\/11\/mensa_international_logo-200x63.png\" alt=\"\" width=\"200\" height=\"63\" srcset=\"https:\/\/mensa-france.net\/ral-public\/wp-content\/uploads\/sites\/23\/2017\/11\/mensa_international_logo-200x63.png 200w, https:\/\/mensa-france.net\/ral-public\/wp-content\/uploads\/sites\/23\/2017\/11\/mensa_international_logo.png 272w\" sizes=\"(max-width: 200px) 100vw, 200px\" \/><\/a><\/p>\n<p>Avec plus de 140 000 membres dans le monde, Mensa existe dans 46 pays de tous les continents, sous l&rsquo;articulation de l&rsquo;association Mensa International. Cotiser dans une r\u00e9gion, c\u2019est \u00eatre membre de Mensa, \u00e0 tous les niveaux !<\/p>\n<p>Le site Mensa International est ici : <a href=\"https:\/\/www.mensa.org\">https:\/\/www.mensa.org<\/a><\/p>\n<ul>\n<li>\n<h2 class=\"fusion-responsive-typography-calculated\" style=\"line-height: 1.5\" data-fontsize=\"20\" data-lineheight=\"30px\">Origines de Mensa<\/h2>\n<\/li>\n<\/ul>\n<p>Mensa fut fond\u00e9e \u00e0 Oxford le 1er octobre 1946 par l\u2019australien Roland Berrill et le juriste britannique Lancelot Ware. Se rencontrant dans un train, Berrill, quinquag\u00e9naire \u00ab rentier et quelque peu excentrique \u00bb, raconte \u00e0 Ware, \u00e0 l\u2019\u00e9poque \u00e9tudiant \u00e0 Oxford, combien est rest\u00e9e en lui la frustration de ne pas avoir \u00e9t\u00e9 accept\u00e9 comme \u00e9tudiant \u00e0 Oxford. Ware d\u00e9cide alors de mesurer le quotient intellectuel de Berrill, qui est boulevers\u00e9 d\u2019apprendre que ses r\u00e9ponses le situent dans les 1 % des meilleurs r\u00e9sultats aux tests. Ils d\u00e9cident de cr\u00e9er une soci\u00e9t\u00e9, Mensa, pour r\u00e9unir les personnes intelligentes sans distinction de leur couche sociale ou leur appartenance religieuse. Victor Serebriakoff, fils d\u2019\u00e9migr\u00e9s russes, entre \u00e0 Mensa en 1950 et en devient secr\u00e9taire. Il introduit le crit\u00e8re qui requiert d\u2019obtenir un r\u00e9sultat situant le postulant dans les 2 % de meilleure r\u00e9ussite aux tests de quotient intellectuel et met en place l\u2019organisation de tests par l\u2019association.<\/p>\n<ul>\n<li style=\"line-height: 1.4\" data-fontsize=\"34\" data-lineheight=\"47.6px\">\n<h2 class=\"\" style=\"line-height: 1.5\" data-fontsize=\"20\" data-lineheight=\"30px\">Programme SIGHT<\/h2>\n<\/li>\n<\/ul>\n<p><img decoding=\"async\" class=\"alignleft wp-image-921\" src=\"https:\/\/mensa-france.net\/ral-public\/wp-content\/uploads\/sites\/23\/2021\/04\/holiday-2880261_1920-200x133.jpg\" alt=\"\" width=\"211\" height=\"141\" srcset=\"https:\/\/mensa-france.net\/ral-public\/wp-content\/uploads\/sites\/23\/2021\/04\/holiday-2880261_1920-200x133.jpg 200w, https:\/\/mensa-france.net\/ral-public\/wp-content\/uploads\/sites\/23\/2021\/04\/holiday-2880261_1920-300x200.jpg 300w, https:\/\/mensa-france.net\/ral-public\/wp-content\/uploads\/sites\/23\/2021\/04\/holiday-2880261_1920-400x267.jpg 400w, https:\/\/mensa-france.net\/ral-public\/wp-content\/uploads\/sites\/23\/2021\/04\/holiday-2880261_1920-600x400.jpg 600w, https:\/\/mensa-france.net\/ral-public\/wp-content\/uploads\/sites\/23\/2021\/04\/holiday-2880261_1920-640x427.jpg 640w, https:\/\/mensa-france.net\/ral-public\/wp-content\/uploads\/sites\/23\/2021\/04\/holiday-2880261_1920-768x512.jpg 768w, https:\/\/mensa-france.net\/ral-public\/wp-content\/uploads\/sites\/23\/2021\/04\/holiday-2880261_1920-800x533.jpg 800w, https:\/\/mensa-france.net\/ral-public\/wp-content\/uploads\/sites\/23\/2021\/04\/holiday-2880261_1920-1024x683.jpg 1024w, https:\/\/mensa-france.net\/ral-public\/wp-content\/uploads\/sites\/23\/2021\/04\/holiday-2880261_1920.jpg 1200w\" sizes=\"(max-width: 211px) 100vw, 211px\" \/>SIGHT est l\u2019acronyme de Service for Information, Guidance, and Hospitality to Travellers. Que vous soyez en vacances ou d\u00e9placement professionnel, nous vous mettons en relation avec des membres locaux, h\u00f4tes, qui peuvent vous aider \u00e0 trouver un h\u00e9bergement, donner des conseils sur les visites \u00e0 faire, les \u00e9v\u00e9nements qui co\u00efncident avec vos dates de voyage.<\/p>\n<p>Avec ce programme, des Mensans du monde entier se rencontrent.<\/p>\n<ul>\n<li style=\"line-height: 1.4\" data-fontsize=\"34\" data-lineheight=\"47.6px\">\n<h2 class=\"\" style=\"line-height: 1.5\" data-fontsize=\"20\" data-lineheight=\"30px\">Groupe d&rsquo;\u00e9change linguistique<\/h2>\n<\/li>\n<\/ul>\n<p>Vous \u00e9tudiez ou souhaitez \u00e9tudier une langue \u00e9trang\u00e8re ? Quoi de mieux que la discussion avec une personne de ce pays pour l\u2019\u00e9tudier ?!<\/p>\n<p>Le MLE (Mensa Language Exchange) est un programme interne \u00e0 Mensa qui vous permet de trouver un Mensan qui parle la langue que vous souhaitez pratiquer et vous met en relation avec. S\u2019en suit de multiples discussions par visioconf\u00e9rence qui permettent un apprentissage rapide et efficace. Anglais, Allemands, Japonais, Am\u00e9ricains, Chinois, Malaisiens, des centaines de personnes dans le monde entier participent \u00e0 ces \u00e9changes.<\/p>\n<ul>\n<li style=\"line-height: 1.4\" data-fontsize=\"34\" data-lineheight=\"47.6px\">\n<h2 class=\"\" style=\"line-height: 1.5\" data-fontsize=\"20\" data-lineheight=\"30px\">S\u00e9jours jeunes (dans la t\u00eate !)<\/h2>\n<\/li>\n<\/ul>\n<p>Deux fois par an se r\u00e9unissent des jeunes du monde entier, en g\u00e9n\u00e9ral \u00e2g\u00e9s de 18 \u00e0 35, pour un s\u00e9jour d\u00e9tente. Le premier a lieu durant l\u2019\u00e9t\u00e9 et le second pour le Nouvel An. Traditionnellement, nous nous retrouvons chaque soir pour manger mais, le jour, chacun est libre de ses mouvements : visites des environs, jeux de soci\u00e9t\u00e9s, tournoi de poker, jeux presqu\u2019olympiques, etc. Le pays d\u2019accueil change tous les ans : Su\u00e8de, Pays-Bas, Lituanie, Danemark, Espagne, Bulgarie, Royaume-Uni, Allemagne, France, etc.<\/p>\n<ul>\n<li style=\"line-height: 1.4\" data-fontsize=\"34\" data-lineheight=\"47.6px\">\n<h2 class=\"\" style=\"line-height: 1.5\" data-fontsize=\"20\" data-lineheight=\"30px\">L&rsquo;EMAG<\/h2>\n<\/li>\n<\/ul>\n<p><img decoding=\"async\" class=\"alignleft wp-image-1251\" src=\"https:\/\/mensa-france.net\/ral-public\/wp-content\/uploads\/sites\/23\/2021\/04\/children-4682778_1920-200x132.jpg\" alt=\"\" width=\"210\" height=\"138\" srcset=\"https:\/\/mensa-france.net\/ral-public\/wp-content\/uploads\/sites\/23\/2021\/04\/children-4682778_1920-200x132.jpg 200w, https:\/\/mensa-france.net\/ral-public\/wp-content\/uploads\/sites\/23\/2021\/04\/children-4682778_1920-300x198.jpg 300w, https:\/\/mensa-france.net\/ral-public\/wp-content\/uploads\/sites\/23\/2021\/04\/children-4682778_1920-400x263.jpg 400w, https:\/\/mensa-france.net\/ral-public\/wp-content\/uploads\/sites\/23\/2021\/04\/children-4682778_1920-600x395.jpg 600w, https:\/\/mensa-france.net\/ral-public\/wp-content\/uploads\/sites\/23\/2021\/04\/children-4682778_1920-640x421.jpg 640w, https:\/\/mensa-france.net\/ral-public\/wp-content\/uploads\/sites\/23\/2021\/04\/children-4682778_1920-768x506.jpg 768w, https:\/\/mensa-france.net\/ral-public\/wp-content\/uploads\/sites\/23\/2021\/04\/children-4682778_1920-800x527.jpg 800w, https:\/\/mensa-france.net\/ral-public\/wp-content\/uploads\/sites\/23\/2021\/04\/children-4682778_1920-1024x674.jpg 1024w, https:\/\/mensa-france.net\/ral-public\/wp-content\/uploads\/sites\/23\/2021\/04\/children-4682778_1920.jpg 1200w\" sizes=\"(max-width: 210px) 100vw, 210px\" \/>L&rsquo;European Mensa Annual Gathering (EMAG) est le plus grand \u00e9v\u00e9nement de Mensa en Europe. Tous les ans, au mois d&rsquo;ao\u00fbt, plus de 500 Mensans se retrouvent durant une semaine riche en rencontres et activit\u00e9s !<\/p>\n<\/div><div class=\"fusion-clearfix\"><\/div><\/div><\/div><div class=\"fusion-layout-column fusion_builder_column fusion-builder-column-1 fusion_builder_column_1_4 1_4 fusion-one-fourth fusion-column-last\" style=\"--awb-bg-size:cover;width:25%;width:calc(25% - ( ( 4% ) * 0.25 ) );\"><div class=\"fusion-column-wrapper fusion-flex-column-wrapper-legacy\"><style type='text\/css'>.reading-box-container-1 .element-bottomshadow:before,.reading-box-container-1 .element-bottomshadow:after{opacity:0.7;}<\/style><div class=\"fusion-reading-box-container reading-box-container-1\" style=\"--awb-title-color:#424242;--awb-margin-top:0px;--awb-margin-bottom:84px;\"><div class=\"reading-box reading-box-center element-bottomshadow\" style=\"background-color:#ffffff;border-width:0px;border-color:#f6f6f6;border-top-width:3px;border-top-color:var(--primary_color);border-style:solid;\"><h2>Prochains tests<\/h2><div class=\"reading-box-additional fusion-reading-box-additional\">\n<\/div><div class=\"fusion-clearfix\"><\/div><a class=\"button fusion-button button-blue fusion-button-default-size button-default-size button-flat fusion-mobile-button continue-center\" style=\"-webkit-box-shadow:none;-moz-box-shadow:none;box-shadow:none;border-radius:2px 2px 2px 2px\" href=\"https:\/\/mensa-france.net\/nous-rejoindre\/etre-admis-a-mensa\/\" target=\"_self\"><span>S'inscrire<\/span><\/a><\/div><\/div><style type='text\/css'>.reading-box-container-2 .element-bottomshadow:before,.reading-box-container-2 .element-bottomshadow:after{opacity:0.7;}<\/style><div class=\"fusion-reading-box-container reading-box-container-2\" style=\"--awb-title-color:#424242;--awb-margin-top:0px;--awb-margin-bottom:84px;\"><div class=\"reading-box reading-box-center element-bottomshadow\" style=\"background-color:#ffffff;border-width:0px;border-color:#f6f6f6;border-top-width:3px;border-top-color:var(--primary_color);border-style:solid;\"><h2>Liens<br><\/h2><div class=\"reading-box-additional fusion-reading-box-additional\">\n<p><a href=\"https:\/\/mensa-france.net\/\"><img decoding=\"async\" class=\"alignnone wp-image-211\" src=\"https:\/\/mensa-france.net\/ral-public\/wp-content\/uploads\/sites\/23\/2017\/11\/Mensa_logo-1.png\" alt=\"Mensa France\" width=\"85\" height=\"40\" \/><\/a>\u00a0 <a href=\"https:\/\/www.youtube.com\/channel\/UCqA89gSQdai5Cm-ezf8-Ugg\"><img decoding=\"async\" class=\"alignnone wp-image-1181\" src=\"https:\/\/mensa-france.net\/ral-public\/wp-content\/uploads\/sites\/23\/2021\/04\/youtube-logo-en-carre.png\" alt=\"Youtube\" width=\"42\" height=\"42\" srcset=\"https:\/\/mensa-france.net\/ral-public\/wp-content\/uploads\/sites\/23\/2021\/04\/youtube-logo-en-carre-66x66.png 66w, https:\/\/mensa-france.net\/ral-public\/wp-content\/uploads\/sites\/23\/2021\/04\/youtube-logo-en-carre-80x80.png 80w, https:\/\/mensa-france.net\/ral-public\/wp-content\/uploads\/sites\/23\/2021\/04\/youtube-logo-en-carre-125x125.png 125w, https:\/\/mensa-france.net\/ral-public\/wp-content\/uploads\/sites\/23\/2021\/04\/youtube-logo-en-carre-150x150.png 150w, https:\/\/mensa-france.net\/ral-public\/wp-content\/uploads\/sites\/23\/2021\/04\/youtube-logo-en-carre-200x200.png 200w, https:\/\/mensa-france.net\/ral-public\/wp-content\/uploads\/sites\/23\/2021\/04\/youtube-logo-en-carre.png 269w\" sizes=\"(max-width: 42px) 100vw, 42px\" \/><\/a> <a title=\"\" href=\"https:\/\/mensa-france.net\/ral-membres\"><img decoding=\"async\" class=\"alignnone wp-image-1275\" src=\"https:\/\/mensa-france.net\/ral-public\/wp-content\/uploads\/sites\/23\/2021\/04\/ral-logo-294x300.png\" alt=\"Site membre\" width=\"39\" height=\"40\" srcset=\"https:\/\/mensa-france.net\/ral-public\/wp-content\/uploads\/sites\/23\/2021\/04\/ral-logo-66x66.png 66w, https:\/\/mensa-france.net\/ral-public\/wp-content\/uploads\/sites\/23\/2021\/04\/ral-logo-80x80.png 80w, https:\/\/mensa-france.net\/ral-public\/wp-content\/uploads\/sites\/23\/2021\/04\/ral-logo-125x125.png 125w, https:\/\/mensa-france.net\/ral-public\/wp-content\/uploads\/sites\/23\/2021\/04\/ral-logo-150x150.png 150w, https:\/\/mensa-france.net\/ral-public\/wp-content\/uploads\/sites\/23\/2021\/04\/ral-logo-200x200.png 200w, https:\/\/mensa-france.net\/ral-public\/wp-content\/uploads\/sites\/23\/2021\/04\/ral-logo-294x300.png 294w, https:\/\/mensa-france.net\/ral-public\/wp-content\/uploads\/sites\/23\/2021\/04\/ral-logo-400x408.png 400w, https:\/\/mensa-france.net\/ral-public\/wp-content\/uploads\/sites\/23\/2021\/04\/ral-logo-470x480.png 470w, https:\/\/mensa-france.net\/ral-public\/wp-content\/uploads\/sites\/23\/2021\/04\/ral-logo-600x612.png 600w, https:\/\/mensa-france.net\/ral-public\/wp-content\/uploads\/sites\/23\/2021\/04\/ral-logo.png 737w\" sizes=\"(max-width: 39px) 100vw, 39px\" \/><\/a><\/p>\n<\/div><div class=\"fusion-clearfix\"><\/div><\/div><\/div><style type='text\/css'>.reading-box-container-3 .element-bottomshadow:before,.reading-box-container-3 .element-bottomshadow:after{opacity:0.7;}<\/style><div class=\"fusion-reading-box-container reading-box-container-3\" style=\"--awb-title-color:#424242;--awb-margin-top:0px;--awb-margin-bottom:84px;\"><div class=\"reading-box reading-box-center element-bottomshadow\" style=\"background-color:#ffffff;border-width:0px;border-color:#f6f6f6;border-top-width:3px;border-top-color:var(--primary_color);border-style:solid;\"><h2>Nous contacter<\/h2><a class=\"button fusion-button button-blue fusion-button-default-size button-default-size button-flat fusion-mobile-button continue-center\" style=\"-webkit-box-shadow:none;-moz-box-shadow:none;box-shadow:none;border-radius:2px 2px 2px 2px\" href=\"mailto:ral@mensa.fr\" target=\"_self\"><span>ral@mensa.fr<\/span><\/a><\/div><\/div><div class=\"fusion-clearfix\"><\/div><\/div><\/div><\/div><\/div>\n","protected":false},"excerpt":{"rendered":"","protected":false},"author":360,"featured_media":0,"parent":0,"menu_order":0,"comment_status":"closed","ping_status":"closed","template":"","meta":{"footnotes":""},"class_list":["post-476","page","type-page","status-publish","hentry"],"_links":{"self":[{"href":"https:\/\/mensa-france.net\/ral-public\/wp-json\/wp\/v2\/pages\/476","targetHints":{"allow":["GET"]}}],"collection":[{"href":"https:\/\/mensa-france.net\/ral-public\/wp-json\/wp\/v2\/pages"}],"about":[{"href":"https:\/\/mensa-france.net\/ral-public\/wp-json\/wp\/v2\/types\/page"}],"author":[{"embeddable":true,"href":"https:\/\/mensa-france.net\/ral-public\/wp-json\/wp\/v2\/users\/360"}],"replies":[{"embeddable":true,"href":"https:\/\/mensa-france.net\/ral-public\/wp-json\/wp\/v2\/comments?post=476"}],"version-history":[{"count":2,"href":"https:\/\/mensa-france.net\/ral-public\/wp-json\/wp\/v2\/pages\/476\/revisions"}],"predecessor-version":[{"id":1310,"href":"https:\/\/mensa-france.net\/ral-public\/wp-json\/wp\/v2\/pages\/476\/revisions\/1310"}],"wp:attachment":[{"href":"https:\/\/mensa-france.net\/ral-public\/wp-json\/wp\/v2\/media?parent=476"}],"curies":[{"name":"wp","href":"https:\/\/api.w.org\/{rel}","templated":true}]}}