{"id":444,"date":"2018-06-14T13:14:49","date_gmt":"2018-06-14T11:14:49","guid":{"rendered":"https:\/\/mensa-france.net\/ral-public\/?page_id=444"},"modified":"2021-05-23T18:23:40","modified_gmt":"2021-05-23T16:23:40","slug":"bibliographie","status":"publish","type":"page","link":"https:\/\/mensa-france.net\/ral-public\/bibliographie\/","title":{"rendered":"Bibliographie"},"content":{"rendered":"<div class=\"fusion-fullwidth fullwidth-box fusion-builder-row-1 nonhundred-percent-fullwidth non-hundred-percent-height-scrolling\" style=\"--awb-border-radius-top-left:0px;--awb-border-radius-top-right:0px;--awb-border-radius-bottom-right:0px;--awb-border-radius-bottom-left:0px;--awb-padding-top:20px;--awb-padding-bottom:20px;--awb-background-color:#cde0f7;--awb-flex-wrap:wrap;\" ><div class=\"fusion-builder-row fusion-row\"><div class=\"fusion-layout-column fusion_builder_column fusion-builder-column-0 fusion_builder_column_3_4 3_4 fusion-three-fourth fusion-column-first\" style=\"--awb-padding-top:10px;--awb-padding-right:10px;--awb-padding-bottom:10px;--awb-padding-left:10px;--awb-bg-color:#ffffff;--awb-bg-color-hover:#ffffff;--awb-bg-size:cover;width:75%;width:calc(75% - ( ( 4% ) * 0.75 ) );margin-right: 4%;\"><div class=\"fusion-column-wrapper fusion-flex-column-wrapper-legacy\"><div class=\"fusion-text fusion-text-1\"><h1 class=\"fusion-responsive-typography-calculated\" style=\"line-height: 1.4\" data-fontsize=\"32\" data-lineheight=\"44.8px\"><span style=\"font-size: 24pt\">Bibliographie sur le HQI<br \/><\/span><\/h1>\n<p><img decoding=\"async\" class=\"alignleft wp-image-1246\" src=\"https:\/\/mensa-france.net\/ral-public\/wp-content\/uploads\/sites\/23\/2021\/04\/owl-297413_1280-300x283.png\" alt=\"\" width=\"110\" height=\"104\" srcset=\"https:\/\/mensa-france.net\/ral-public\/wp-content\/uploads\/sites\/23\/2021\/04\/owl-297413_1280-200x189.png 200w, https:\/\/mensa-france.net\/ral-public\/wp-content\/uploads\/sites\/23\/2021\/04\/owl-297413_1280-300x283.png 300w, https:\/\/mensa-france.net\/ral-public\/wp-content\/uploads\/sites\/23\/2021\/04\/owl-297413_1280-400x377.png 400w, https:\/\/mensa-france.net\/ral-public\/wp-content\/uploads\/sites\/23\/2021\/04\/owl-297413_1280-509x480.png 509w, https:\/\/mensa-france.net\/ral-public\/wp-content\/uploads\/sites\/23\/2021\/04\/owl-297413_1280-600x566.png 600w, https:\/\/mensa-france.net\/ral-public\/wp-content\/uploads\/sites\/23\/2021\/04\/owl-297413_1280-768x724.png 768w, https:\/\/mensa-france.net\/ral-public\/wp-content\/uploads\/sites\/23\/2021\/04\/owl-297413_1280-800x754.png 800w, https:\/\/mensa-france.net\/ral-public\/wp-content\/uploads\/sites\/23\/2021\/04\/owl-297413_1280-1024x965.png 1024w, https:\/\/mensa-france.net\/ral-public\/wp-content\/uploads\/sites\/23\/2021\/04\/owl-297413_1280.png 1200w\" sizes=\"(max-width: 110px) 100vw, 110px\" \/>Voici une liste d&rsquo;ouvrages qui abordent la douance chez les adultes et les enfants, et l&rsquo;intelligence. La responsabilit\u00e9 de Mensa Rh\u00f4ne-Alpes n&rsquo;est en aucun cas engag\u00e9e par les \u00e9crits, propos ou opinions des auteurs dans leurs ouvrages ou en dehors.<\/p>\n<p>Mensa France met \u00e0 disposition une liste d&rsquo;ouvrages ici, d\u00e9velopp\u00e9e sur les questions sur l&rsquo;enfant HQI : <a href=\"https:\/\/mensa-france.net\/sinformer\/bibliographie\/\">https:\/\/mensa-france.net\/sinformer\/bibliographie\/<\/a><\/p>\n<p><span class=\"bbc_red\">AUBERGEL Micheline<\/span> et <span class=\"bbc_red\">HOSTYN Huguette <\/span><br \/>\nQ.I. \u00eates-vous ?<\/p>\n<p><span class=\"bbc_red\">ADDA Arielle<\/span><br \/>\nAdultes sensibles et dou\u00e9s : trouver sa place au travail et s&rsquo;\u00e9panouir<br \/>\nL&rsquo;enfant dou\u00e9 : L&rsquo;intelligence r\u00e9concili\u00e9e<br \/>\nLe livre de l&rsquo;enfant dou\u00e9<br \/>\nFaire le bon choix amoureux<\/p>\n<p><span class=\"bbc_red\">ARON Elaine<\/span><br \/>\nCes gens qui ont peur d&rsquo;avoir peur : mieux comprendre l&rsquo;hypersensibilit\u00e9<\/p>\n<p><span class=\"bbc_red\">BAK Fabrice<\/span><br \/>\nLa pr\u00e9cocit\u00e9 dans tous ses \u00e9tats &#8211; \u00c0 la recherche de son identit\u00e9<\/p>\n<p><span class=\"bbc_red\">BERNAUD Jean-Luc<\/span><br \/>\nTests et th\u00e9ories de l&rsquo;intelligence<\/p>\n<p><span class=\"bbc_red\">BOST C\u00e9cile<\/span><br \/>\nDiff\u00e9rence et souffrance de l&rsquo;adulte surdou\u00e9<br \/>\nSurdou\u00e9s : s&rsquo;int\u00e9grer et s&rsquo;\u00e9panouir dans le monde du travail,<\/p>\n<p><span class=\"bbc_red\">COTE Sophie et KISS Ladislas<\/span><br \/>\nDou\u00e9, surdou\u00e9, pr\u00e9coce, l&rsquo;enfant prometteur et l&rsquo;\u00e9cole<br \/>\nL&rsquo;\u00e9panouissement de l&rsquo;enfant dou\u00e9<\/p>\n<p><span class=\"bbc_red\">CUCHE Catherine et Sophie Brasseur<br \/>\nLe haut potentiel en questions<\/span><\/p>\n<p><span class=\"bbc_red\">DE KERMADEC Monique<\/span><br \/>\nAdulte surdou\u00e9 &#8211; apprendre \u00e0 faire simple quand on est compliqu\u00e9<br \/>\nL\u2019adulte surdou\u00e9 \u00e0 la conqu\u00eate du bonheur : rompre avec la souffrance<br \/>\nLe surdou\u00e9 et l\u2019amour<br \/>\nPour que mon enfant r\u00e9ussisse<\/p>\n<p><span class=\"bbc_red\">DEVREUX Catherine<\/span><br \/>\nHaut potentiel : du boulet au cadeau<\/p>\n<p><span class=\"bbc_red\">FERON Isabelle<\/span><br \/>\nLe Q.I. de la b\u00e9casse<\/p>\n<p><span class=\"bbc_red\">FOUSSIER Val\u00e9rie<\/span><br \/>\nAdultes surdou\u00e9s, cadeau ou fardeau ?<br \/>\nAdultes surdou\u00e9s : s&rsquo;\u00e9panouir dans son univers professionnel<\/p>\n<p><span class=\"bbc_red\">GARDNER Howard<\/span><br \/>\nLes intelligences multiples : La th\u00e9orie qui bouleverse nos id\u00e9es re\u00e7ues<\/p>\n<p><span class=\"bbc_red\">GAUVRIT Nicolas<\/span><br \/>\nLes surdou\u00e9s ordinaires<\/p>\n<p><span class=\"bbc_red\">GIORDAN Andr\u00e9<\/span> et <span class=\"bbc_red\">BINDA Monique<\/span><br \/>\nComment accompagner les enfants intellectuellement pr\u00e9coces<\/p>\n<p><span class=\"bbc_red\">GRAND Claire<\/span><br \/>\nToi qu&rsquo;on dit surdou\u00e9 : La pr\u00e9cocit\u00e9 intellectuelle expliqu\u00e9e aux enfants<\/p>\n<p><span class=\"bbc_red\">GREGOIRE Jacques<\/span><br \/>\nL&rsquo;examen clinique de l&rsquo;intelligence de l&rsquo;adulte<\/p>\n<p><span class=\"bbc_red\">ISRA\u00cbL Lucien<\/span><br \/>\nCerveau droit, cerveau gauche<\/p>\n<p><span class=\"bbc_red\">DE KERMADEC Monique<\/span><br \/>\nL&rsquo;adulte surdou\u00e9 \u00e0 la conqu\u00eate du bonheur : rompre avec la souffrance<br \/>\nL&rsquo;adulte surdou\u00e9. Apprendre \u00e0 faire simple quand on est compliqu\u00e9<\/p>\n<p><span class=\"bbc_red\">LAURENT Jean-Fran\u00e7ois<\/span><br \/>\nBe APIE : Atypiques Personnes dans l&rsquo;Intelligence et l&rsquo;Emotion<\/p>\n<p><span class=\"bbc_red\">LEVY-LEBOYER Claude<\/span><br \/>\nL&rsquo;intelligence en 6 grandes questions<\/p>\n<p>LOUIS Jean-Marc<br \/>\nMon enfant est-il pr\u00e9coce ?<\/p>\n<p><span class=\"bbc_red\">MAGNIN Herv\u00e9<\/span><br \/>\nMoi, surdou\u00e9(e) ?! : De l&rsquo;enfant pr\u00e9coce \u00e0 l&rsquo;adulte \u00e9panoui<\/p>\n<p><span class=\"bbc_red\">MILLER Alice<\/span><br \/>\nL&rsquo;avenir du drame de l&rsquo;enfant dou\u00e9<\/p>\n<p><span class=\"bbc_red\">MILLETRE B\u00e9atrice<\/span><br \/>\nPetit guide \u00e0 l&rsquo;usage des gens intelligents qui ne se trouvent pas tr\u00e8s dou\u00e9s<br \/>\nPetit guide \u00e0 l&rsquo;usage des parents qui trouvent, \u00e0 juste titre, que leur enfant est dou\u00e9<\/p>\n<p><span class=\"bbc_red\">PAGE Martin<\/span><br \/>\nComment je suis devenu stupide<\/p>\n<p><span class=\"bbc_red\">PAPOUTSAKI P\u00e9lagie<\/span><br \/>\nEnfant surdou\u00e9, adulte cr\u00e9ateur ?<\/p>\n<p><span class=\"bbc_red\">PETITCOLLIN Christel<\/span><br \/>\nJe pense trop : comment canaliser ce mental envahissant<\/p>\n<p><span class=\"bbc_red\">RENUCCI Carole<\/span><br \/>\nEnfants surdou\u00e9s : Arr\u00eatons le g\u00e2chis !<\/p>\n<p><span class=\"bbc_red\">SIAUD-FACCHIN Jeanne<\/span><br \/>\nTrop intelligent pour \u00eatre heureux ? L&rsquo;adulte surdou\u00e9<br \/>\nL&rsquo;enfant surdou\u00e9 : L&rsquo;aider \u00e0 grandir, l&rsquo;aider \u00e0 r\u00e9ussir<\/p>\n<p><span class=\"bbc_red\">TERRASSIER Jean-Charles<\/span> et <span class=\"bbc_red\">GOUILLOU Philippe<\/span><br \/>\nGuide pratique de l&rsquo;enfant surdou\u00e9<\/p>\n<p><span class=\"bbc_red\">WINNER Ellen<\/span><br \/>\nSurdou\u00e9s. Mythes et r\u00e9alit\u00e9s<\/p>\n<\/div><div class=\"fusion-clearfix\"><\/div><\/div><\/div><div class=\"fusion-layout-column fusion_builder_column fusion-builder-column-1 fusion_builder_column_1_4 1_4 fusion-one-fourth fusion-column-last\" style=\"--awb-bg-size:cover;width:25%;width:calc(25% - ( ( 4% ) * 0.25 ) );\"><div class=\"fusion-column-wrapper fusion-flex-column-wrapper-legacy\"><style type='text\/css'>.reading-box-container-1 .element-bottomshadow:before,.reading-box-container-1 .element-bottomshadow:after{opacity:0.7;}<\/style><div class=\"fusion-reading-box-container reading-box-container-1\" style=\"--awb-title-color:#424242;--awb-margin-top:0px;--awb-margin-bottom:84px;\"><div class=\"reading-box reading-box-center element-bottomshadow\" style=\"background-color:#ffffff;border-width:0px;border-color:#f6f6f6;border-top-width:3px;border-top-color:var(--primary_color);border-style:solid;\"><h2>Prochains tests<\/h2><div class=\"reading-box-additional fusion-reading-box-additional\">\n<\/div><div class=\"fusion-clearfix\"><\/div><a class=\"button fusion-button button-blue fusion-button-default-size button-default-size button-flat fusion-mobile-button continue-center\" style=\"-webkit-box-shadow:none;-moz-box-shadow:none;box-shadow:none;border-radius:2px 2px 2px 2px\" href=\"https:\/\/mensa-france.net\/nous-rejoindre\/etre-admis-a-mensa\/\" target=\"_self\"><span>S'inscrire<\/span><\/a><\/div><\/div><style type='text\/css'>.reading-box-container-2 .element-bottomshadow:before,.reading-box-container-2 .element-bottomshadow:after{opacity:0.7;}<\/style><div class=\"fusion-reading-box-container reading-box-container-2\" style=\"--awb-title-color:#424242;--awb-margin-top:0px;--awb-margin-bottom:84px;\"><div class=\"reading-box reading-box-center element-bottomshadow\" style=\"background-color:#ffffff;border-width:0px;border-color:#f6f6f6;border-top-width:3px;border-top-color:var(--primary_color);border-style:solid;\"><h2>Liens<br><\/h2><div class=\"reading-box-additional fusion-reading-box-additional\">\n<p><a href=\"https:\/\/mensa-france.net\/\"><img decoding=\"async\" class=\"alignnone wp-image-211\" src=\"https:\/\/mensa-france.net\/ral-public\/wp-content\/uploads\/sites\/23\/2017\/11\/Mensa_logo-1.png\" alt=\"Mensa France\" width=\"85\" height=\"40\" \/><\/a>\u00a0 <a href=\"https:\/\/www.youtube.com\/channel\/UCqA89gSQdai5Cm-ezf8-Ugg\"><img decoding=\"async\" class=\"alignnone wp-image-1181\" src=\"https:\/\/mensa-france.net\/ral-public\/wp-content\/uploads\/sites\/23\/2021\/04\/youtube-logo-en-carre.png\" alt=\"Youtube\" width=\"42\" height=\"42\" srcset=\"https:\/\/mensa-france.net\/ral-public\/wp-content\/uploads\/sites\/23\/2021\/04\/youtube-logo-en-carre-66x66.png 66w, https:\/\/mensa-france.net\/ral-public\/wp-content\/uploads\/sites\/23\/2021\/04\/youtube-logo-en-carre-80x80.png 80w, https:\/\/mensa-france.net\/ral-public\/wp-content\/uploads\/sites\/23\/2021\/04\/youtube-logo-en-carre-125x125.png 125w, https:\/\/mensa-france.net\/ral-public\/wp-content\/uploads\/sites\/23\/2021\/04\/youtube-logo-en-carre-150x150.png 150w, https:\/\/mensa-france.net\/ral-public\/wp-content\/uploads\/sites\/23\/2021\/04\/youtube-logo-en-carre-200x200.png 200w, https:\/\/mensa-france.net\/ral-public\/wp-content\/uploads\/sites\/23\/2021\/04\/youtube-logo-en-carre.png 269w\" sizes=\"(max-width: 42px) 100vw, 42px\" \/><\/a> <a title=\"\" href=\"https:\/\/mensa-france.net\/ral-membres\"><img decoding=\"async\" class=\"alignnone wp-image-1275\" src=\"https:\/\/mensa-france.net\/ral-public\/wp-content\/uploads\/sites\/23\/2021\/04\/ral-logo-294x300.png\" alt=\"Site membre\" width=\"39\" height=\"40\" srcset=\"https:\/\/mensa-france.net\/ral-public\/wp-content\/uploads\/sites\/23\/2021\/04\/ral-logo-66x66.png 66w, https:\/\/mensa-france.net\/ral-public\/wp-content\/uploads\/sites\/23\/2021\/04\/ral-logo-80x80.png 80w, https:\/\/mensa-france.net\/ral-public\/wp-content\/uploads\/sites\/23\/2021\/04\/ral-logo-125x125.png 125w, https:\/\/mensa-france.net\/ral-public\/wp-content\/uploads\/sites\/23\/2021\/04\/ral-logo-150x150.png 150w, https:\/\/mensa-france.net\/ral-public\/wp-content\/uploads\/sites\/23\/2021\/04\/ral-logo-200x200.png 200w, https:\/\/mensa-france.net\/ral-public\/wp-content\/uploads\/sites\/23\/2021\/04\/ral-logo-294x300.png 294w, https:\/\/mensa-france.net\/ral-public\/wp-content\/uploads\/sites\/23\/2021\/04\/ral-logo-400x408.png 400w, https:\/\/mensa-france.net\/ral-public\/wp-content\/uploads\/sites\/23\/2021\/04\/ral-logo-470x480.png 470w, https:\/\/mensa-france.net\/ral-public\/wp-content\/uploads\/sites\/23\/2021\/04\/ral-logo-600x612.png 600w, https:\/\/mensa-france.net\/ral-public\/wp-content\/uploads\/sites\/23\/2021\/04\/ral-logo.png 737w\" sizes=\"(max-width: 39px) 100vw, 39px\" \/><\/a><\/p>\n<\/div><div class=\"fusion-clearfix\"><\/div><\/div><\/div><style type='text\/css'>.reading-box-container-3 .element-bottomshadow:before,.reading-box-container-3 .element-bottomshadow:after{opacity:0.7;}<\/style><div class=\"fusion-reading-box-container reading-box-container-3\" style=\"--awb-title-color:#424242;--awb-margin-top:0px;--awb-margin-bottom:84px;\"><div class=\"reading-box reading-box-center element-bottomshadow\" style=\"background-color:#ffffff;border-width:0px;border-color:#f6f6f6;border-top-width:3px;border-top-color:var(--primary_color);border-style:solid;\"><h2>Nous contacter<\/h2><a class=\"button fusion-button button-blue fusion-button-default-size button-default-size button-flat fusion-mobile-button continue-center\" style=\"-webkit-box-shadow:none;-moz-box-shadow:none;box-shadow:none;border-radius:2px 2px 2px 2px\" href=\"mailto:ral@mensa.fr\" target=\"_self\"><span>ral@mensa.fr<\/span><\/a><\/div><\/div><div class=\"fusion-clearfix\"><\/div><\/div><\/div><\/div><\/div>\n","protected":false},"excerpt":{"rendered":"","protected":false},"author":360,"featured_media":0,"parent":0,"menu_order":0,"comment_status":"closed","ping_status":"closed","template":"","meta":{"footnotes":""},"class_list":["post-444","page","type-page","status-publish","hentry"],"_links":{"self":[{"href":"https:\/\/mensa-france.net\/ral-public\/wp-json\/wp\/v2\/pages\/444","targetHints":{"allow":["GET"]}}],"collection":[{"href":"https:\/\/mensa-france.net\/ral-public\/wp-json\/wp\/v2\/pages"}],"about":[{"href":"https:\/\/mensa-france.net\/ral-public\/wp-json\/wp\/v2\/types\/page"}],"author":[{"embeddable":true,"href":"https:\/\/mensa-france.net\/ral-public\/wp-json\/wp\/v2\/users\/360"}],"replies":[{"embeddable":true,"href":"https:\/\/mensa-france.net\/ral-public\/wp-json\/wp\/v2\/comments?post=444"}],"version-history":[{"count":2,"href":"https:\/\/mensa-france.net\/ral-public\/wp-json\/wp\/v2\/pages\/444\/revisions"}],"predecessor-version":[{"id":1342,"href":"https:\/\/mensa-france.net\/ral-public\/wp-json\/wp\/v2\/pages\/444\/revisions\/1342"}],"wp:attachment":[{"href":"https:\/\/mensa-france.net\/ral-public\/wp-json\/wp\/v2\/media?parent=444"}],"curies":[{"name":"wp","href":"https:\/\/api.w.org\/{rel}","templated":true}]}}