{"id":112,"date":"2018-10-10T00:34:28","date_gmt":"2018-10-09T22:34:28","guid":{"rendered":"https:\/\/mensa-france.net\/provence\/?page_id=112"},"modified":"2021-06-24T21:30:03","modified_gmt":"2021-06-24T19:30:03","slug":"nousrejoindre","status":"publish","type":"page","link":"https:\/\/mensa-france.net\/provence\/nousrejoindre\/","title":{"rendered":"Nous rejoindre"},"content":{"rendered":"<p><span style=\"font-size: 18pt\"><em><strong>Comment nous rejoindre ?<\/strong><\/em><\/span><\/p>\n<p>&nbsp;<\/p>\n<p><span style=\"font-size: 12pt\"><em><strong>Un seul crit\u00e8re d&rsquo;entr\u00e9e<\/strong><\/em><\/span><span style=\"text-decoration: underline\"><em><span style=\"font-size: 14pt\"><br \/>\n<\/span><\/em><\/span><span style=\"font-size: 14pt\">Obtenir un score dans les 2 % sup\u00e9rieurs aux tests psychom\u00e9triques de quotient intellectuel reconnus (correspondant \u00e0 un QI global de 131 et plus), et accessible \u00e0 tous niveaux d&rsquo;instruction.<\/span><\/p>\n<p><span style=\"font-size: 14pt\"><span style=\"font-size: 12pt\"><strong><em>L&rsquo;admission<\/em><\/strong><\/span> peut se faire :<br \/>\n&#8211; sur <a href=\"https:\/\/mensa-france.net\/nous-rejoindre\/etre-admis-a-mensa\/admission-sur-dossier\/\">dossier<\/a> via un test psychom\u00e9trique effectu\u00e9 chez un praticien.<br \/>\n&#8211; par des <a href=\"https:\/\/mensa-france.net\/nous-rejoindre\/etre-admis-a-mensa\/admission-sur-test\/\">tests surveill\u00e9s<\/a>, effectu\u00e9s durant une s\u00e9ance d&rsquo;une dur\u00e9e d&rsquo;environ une heure, r\u00e9serv\u00e9e aux personnes majeures et organis\u00e9e dans la r\u00e9gion.<\/span><\/p>\n<p><em><span style=\"font-size: 12pt\"><strong>L&rsquo;adh\u00e9sion<\/strong><\/span><span style=\"text-decoration: underline\"><span style=\"font-size: 14pt\"><br \/>\n<\/span><\/span><\/em><span style=\"font-size: 14pt\">&#8211; <\/span><span style=\"font-size: 14pt\">Une fois <\/span><span style=\"font-size: 14pt\">l&rsquo;admission valid\u00e9e, vous gardez \u00e0 vie la possibilit\u00e9 d&rsquo;\u00eatre membre de Mensa.<br \/>\n&#8211; Pour ce faire, il vous suffit d&rsquo;adh\u00e9rer en payant votre cotisation (il existe des formats annuels ou semestriels, de m\u00eame que des possibilit\u00e9s de tarif r\u00e9duit notamment pour les jeunes et les demandeurs d&#8217;emploi). Cette adh\u00e9sion vous permet de participer \u00e0 toutes les activit\u00e9s r\u00e9gionales, nationales et internationale. Apr\u00e8s la confirmation de votre admission, vous gardez la possibilit\u00e9 de diff\u00e9rer votre premi\u00e8re inscription. Il arrive aussi \u00e0 certains membres de faire une pause durant quelques temps. Lorsqu&rsquo;ils d\u00e9cident de revenir, il leur suffit de recotiser, c&rsquo;est extr\u00eamement souple.<\/span><\/p>\n<p><em><span style=\"font-size: 12pt\"><strong>Inscription et cotisation<br \/>\n<\/strong><\/span><\/em><span style=\"font-size: 14pt\">&#8211; Demande d&rsquo;admission sur dossier : 15 \u20ac<br \/>\n&#8211; Test sur table : 50 \u20ac (25 \u20ac en tarif r\u00e9duit*)<br \/>\n&#8211; Cotisation annuelle : 60 \u20ac (24 \u20ac en tarif r\u00e9duit*)<br \/>\n<span style=\"font-size: 10pt\">(*<\/span> <span style=\"font-size: 10pt\">demandeurs d&#8217;emploi, moins de 26 ans et deuxi\u00e8me membre d&rsquo;une famille)<\/span><\/span><\/p>\n<p>&nbsp;<\/p>\n<p><span style=\"font-size: 12pt\"><em><strong>Prochain(s) test(s)<\/strong><\/em><\/span><\/p>\n<ul style=\"list-style-type: circle\">\n<li><span style=\"font-size: 14pt\">Les tests sont suspendus en cette p\u00e9riode de pand\u00e9mie, mais inscrivez-vous \u00e0 l&rsquo;adresse <a href=\"mailto:prvtests@mensa.fr\">prvtests@mensa.fr<\/a><br \/>\n<\/span><\/li>\n<li><span style=\"font-size: 14pt\">En attendant, entrainez-vous sur le site de <a href=\"https:\/\/mensa-france.net\/nous-rejoindre\/pre-test-sautoevaluer\/\">Mensa France<\/a><\/span><\/li>\n<\/ul>\n<p>&nbsp;<\/p>\n","protected":false},"excerpt":{"rendered":"<p>Comment nous rejoindre ? &nbsp; Un seul crit\u00e8re d&rsquo;entr\u00e9e Obtenir un score dans les 2 % sup\u00e9rieurs aux tests psychom\u00e9triques de quotient intellectuel reconnus (correspondant \u00e0 un QI global de 131 et plus), et accessible \u00e0 tous niveaux d&rsquo;instruction. L&rsquo;admission peut se faire : &#8211; sur dossier via un test psychom\u00e9trique effectu\u00e9 chez un praticien. [&hellip;]<\/p>\n","protected":false},"author":3034,"featured_media":0,"parent":0,"menu_order":0,"comment_status":"closed","ping_status":"closed","template":"","meta":{"footnotes":""},"class_list":["post-112","page","type-page","status-publish","hentry"],"_links":{"self":[{"href":"https:\/\/mensa-france.net\/provence\/wp-json\/wp\/v2\/pages\/112","targetHints":{"allow":["GET"]}}],"collection":[{"href":"https:\/\/mensa-france.net\/provence\/wp-json\/wp\/v2\/pages"}],"about":[{"href":"https:\/\/mensa-france.net\/provence\/wp-json\/wp\/v2\/types\/page"}],"author":[{"embeddable":true,"href":"https:\/\/mensa-france.net\/provence\/wp-json\/wp\/v2\/users\/3034"}],"replies":[{"embeddable":true,"href":"https:\/\/mensa-france.net\/provence\/wp-json\/wp\/v2\/comments?post=112"}],"version-history":[{"count":2,"href":"https:\/\/mensa-france.net\/provence\/wp-json\/wp\/v2\/pages\/112\/revisions"}],"predecessor-version":[{"id":311,"href":"https:\/\/mensa-france.net\/provence\/wp-json\/wp\/v2\/pages\/112\/revisions\/311"}],"wp:attachment":[{"href":"https:\/\/mensa-france.net\/provence\/wp-json\/wp\/v2\/media?parent=112"}],"curies":[{"name":"wp","href":"https:\/\/api.w.org\/{rel}","templated":true}]}}