{"id":7,"date":"2020-02-17T01:02:42","date_gmt":"2020-02-17T00:02:42","guid":{"rendered":"https:\/\/mensa-france.net\/languedoc-roussillon\/?page_id=7"},"modified":"2022-09-08T17:56:44","modified_gmt":"2022-09-08T15:56:44","slug":"qui-sommes-nous","status":"publish","type":"page","link":"https:\/\/mensa-france.net\/languedoc-roussillon\/qui-sommes-nous\/","title":{"rendered":"Qui sommes-nous ?"},"content":{"rendered":"<p style=\"text-align: justify\"><span style=\"font-family: arial, helvetica, sans-serif\"><strong>MENSA Languedoc &#8211; Roussillon<\/strong> est une association loi 1901 qui rassemble les membres de MENSA du Gard, de l&rsquo;H\u00e9rault, de la Loz\u00e8re, de l&rsquo;Aude et des Pyr\u00e9n\u00e9es Orientales.<\/span><\/p>\n<p style=\"text-align: justify\"><span style=\"font-family: arial, helvetica, sans-serif\">Ses membres se retrouvent r\u00e9guli\u00e8rement autour d\u2019une table pour \u00e9changer ensemble. Les sujets \u00e9voqu\u00e9s ne tournent pas obligatoirement autour des hauts QI. Nous prenons plaisir \u00e0 visiter des expositions, des monuments. Les \u00e9v\u00e8nements sont organis\u00e9s en fonction des envies et des opportunit\u00e9s de chacun.<br \/>\n<\/span><\/p>\n<p style=\"text-align: justify\"><span style=\"font-family: arial, helvetica, sans-serif\">Au-del\u00e0 des \u00e9v\u00e9nements locaux, les membres participent \u00e0 des activit\u00e9s organis\u00e9es par les r\u00e9gions voisines (Provence et Midi-Pyren\u00e9es) et peuvent \u00e9galement en organiser.<\/span><\/p>\n<p style=\"text-align: justify\"><span style=\"font-family: arial, helvetica, sans-serif\">\u00catre membre de MENSA Languedoc &#8211; Roussillon, c\u2019est aussi avoir l\u2019occasion de participer \u00e0 des \u00e9v\u00e9nements nationaux qui offrent encore plus de possibilit\u00e9s de rencontres, pour des discussions toujours plus enrichissantes. C\u2019est notamment le cas des rendez-vous annuels propos\u00e9s par MENSA France que sont Lud\u2019hiver et Lud\u2019\u00e9t\u00e9. Pour chacune, il s\u2019agit d\u2019une semaine de vacances organis\u00e9e par et pour les membres (et leurs invit\u00e9s). Au menu, on trouve des dizaines d\u2019activit\u00e9s sportives, culturelles, et \u00e9videmment ludiques.<\/span><\/p>\n<p style=\"text-align: justify\"><span style=\"font-family: arial, helvetica, sans-serif\">Enfin, en dehors de ces r\u00e9unions, la communaut\u00e9 des M\u2019s est tr\u00e8s active sur internet (groupes Facebook, mailing listes et forums).<\/span><\/p>\n","protected":false},"excerpt":{"rendered":"<p>MENSA Languedoc &#8211; Roussillon est une association loi 1901 qui rassemble les membres de MENSA du Gard, de l&rsquo;H\u00e9rault, de la Loz\u00e8re, de l&rsquo;Aude et des Pyr\u00e9n\u00e9es Orientales. Ses membres se retrouvent r\u00e9guli\u00e8rement autour d\u2019une table pour \u00e9changer ensemble. Les sujets \u00e9voqu\u00e9s ne tournent pas obligatoirement autour des hauts QI. Nous prenons plaisir \u00e0 visiter &hellip; <a href=\"https:\/\/mensa-france.net\/languedoc-roussillon\/qui-sommes-nous\/\" class=\"more-link\">Continuer la lecture<span class=\"screen-reader-text\"> de &laquo;&nbsp;Qui sommes-nous ?&nbsp;&raquo;<\/span><\/a><\/p>\n","protected":false},"author":31,"featured_media":0,"parent":0,"menu_order":0,"comment_status":"closed","ping_status":"closed","template":"","meta":{"footnotes":""},"class_list":["post-7","page","type-page","status-publish","hentry"],"_links":{"self":[{"href":"https:\/\/mensa-france.net\/languedoc-roussillon\/wp-json\/wp\/v2\/pages\/7","targetHints":{"allow":["GET"]}}],"collection":[{"href":"https:\/\/mensa-france.net\/languedoc-roussillon\/wp-json\/wp\/v2\/pages"}],"about":[{"href":"https:\/\/mensa-france.net\/languedoc-roussillon\/wp-json\/wp\/v2\/types\/page"}],"author":[{"embeddable":true,"href":"https:\/\/mensa-france.net\/languedoc-roussillon\/wp-json\/wp\/v2\/users\/31"}],"replies":[{"embeddable":true,"href":"https:\/\/mensa-france.net\/languedoc-roussillon\/wp-json\/wp\/v2\/comments?post=7"}],"version-history":[{"count":3,"href":"https:\/\/mensa-france.net\/languedoc-roussillon\/wp-json\/wp\/v2\/pages\/7\/revisions"}],"predecessor-version":[{"id":226,"href":"https:\/\/mensa-france.net\/languedoc-roussillon\/wp-json\/wp\/v2\/pages\/7\/revisions\/226"}],"wp:attachment":[{"href":"https:\/\/mensa-france.net\/languedoc-roussillon\/wp-json\/wp\/v2\/media?parent=7"}],"curies":[{"name":"wp","href":"https:\/\/api.w.org\/{rel}","templated":true}]}}