{"id":5,"date":"2020-02-17T01:00:49","date_gmt":"2020-02-17T00:00:49","guid":{"rendered":"https:\/\/mensa-france.net\/languedoc-roussillon\/?page_id=5"},"modified":"2020-12-08T18:36:40","modified_gmt":"2020-12-08T17:36:40","slug":"accueil","status":"publish","type":"page","link":"https:\/\/mensa-france.net\/languedoc-roussillon\/","title":{"rendered":"Accueil"},"content":{"rendered":"<h1 class=\"title-heading-left fusion-responsive-typography-calculated\" data-fontsize=\"34\" data-lineheight=\"47.9333px\"><span style=\"font-family: arial, helvetica, sans-serif;font-size: 18pt\">Qu&rsquo;est-ce que MENSA ?<\/span><\/h1>\n<p>&nbsp;<\/p>\n<p class=\"fusion-responsive-typography-calculated\" style=\"text-align: justify\" data-fontsize=\"18\" data-lineheight=\"27px\"><span class=\"m_1389729720809644119gmail_msg\" style=\"font-family: arial, helvetica, sans-serif;font-size: 12pt\">Mensa est une association de personnes \u00e0 haut potentiel intellectuel qui permet l\u2019\u00e9panouissement au sein d\u2019une communaut\u00e9 chaleureuse et stimulante. Elle est libre de toute affiliation politique, philosophique ou religieuse et s\u2019interdit toute prise de position.<\/span><\/p>\n<p style=\"text-align: justify\"><span style=\"font-family: arial, helvetica, sans-serif;font-size: 12pt\">Les membres de Mensa constituent une coupe transversale de l\u2019humanit\u00e9 sans hi\u00e9rarchie ni distinction : ce sont des gens d\u2019origines g\u00e9ographiques et sociales les plus diverses, ind\u00e9pendamment de toute consid\u00e9ration de culture, d\u2019instruction, de profession, de richesse, d\u2019\u00e2ge, de genre, d\u2019opinion ou de mode de vie.<\/span><\/p>\n<p style=\"text-align: justify\"><span style=\"font-family: arial, helvetica, sans-serif;font-size: 12pt\">Ils s\u2019organisent en fonction de leurs go\u00fbts pour promouvoir en bonne intelligence et respect des diff\u00e9rences de multiples activit\u00e9s : culturelles, \u00e9ducatives, sociales, scientifiques, artistiques, sportives, conviviales, ludiques, divertissantes, touristiques, spirituelles et philosophiques.<\/span><\/p>\n<p style=\"text-align: justify\"><span style=\"font-family: arial, helvetica, sans-serif;font-size: 12pt\">L&rsquo;association compte environ 133 000 membres au monde dans plus de 100 pays. Elle est g\u00e9r\u00e9e en grande partie par des membres b\u00e9n\u00e9voles et quelques rares salari\u00e9s.<\/span><\/p>\n","protected":false},"excerpt":{"rendered":"<p>Qu&rsquo;est-ce que MENSA ? &nbsp; Mensa est une association de personnes \u00e0 haut potentiel intellectuel qui permet l\u2019\u00e9panouissement au sein d\u2019une communaut\u00e9 chaleureuse et stimulante. Elle est libre de toute affiliation politique, philosophique ou religieuse et s\u2019interdit toute prise de position. Les membres de Mensa constituent une coupe transversale de l\u2019humanit\u00e9 sans hi\u00e9rarchie ni distinction &hellip; <a href=\"https:\/\/mensa-france.net\/languedoc-roussillon\/\" class=\"more-link\">Continuer la lecture<span class=\"screen-reader-text\"> de &laquo;&nbsp;Accueil&nbsp;&raquo;<\/span><\/a><\/p>\n","protected":false},"author":31,"featured_media":0,"parent":0,"menu_order":0,"comment_status":"closed","ping_status":"closed","template":"","meta":{"footnotes":""},"class_list":["post-5","page","type-page","status-publish","hentry"],"_links":{"self":[{"href":"https:\/\/mensa-france.net\/languedoc-roussillon\/wp-json\/wp\/v2\/pages\/5","targetHints":{"allow":["GET"]}}],"collection":[{"href":"https:\/\/mensa-france.net\/languedoc-roussillon\/wp-json\/wp\/v2\/pages"}],"about":[{"href":"https:\/\/mensa-france.net\/languedoc-roussillon\/wp-json\/wp\/v2\/types\/page"}],"author":[{"embeddable":true,"href":"https:\/\/mensa-france.net\/languedoc-roussillon\/wp-json\/wp\/v2\/users\/31"}],"replies":[{"embeddable":true,"href":"https:\/\/mensa-france.net\/languedoc-roussillon\/wp-json\/wp\/v2\/comments?post=5"}],"version-history":[{"count":3,"href":"https:\/\/mensa-france.net\/languedoc-roussillon\/wp-json\/wp\/v2\/pages\/5\/revisions"}],"predecessor-version":[{"id":123,"href":"https:\/\/mensa-france.net\/languedoc-roussillon\/wp-json\/wp\/v2\/pages\/5\/revisions\/123"}],"wp:attachment":[{"href":"https:\/\/mensa-france.net\/languedoc-roussillon\/wp-json\/wp\/v2\/media?parent=5"}],"curies":[{"name":"wp","href":"https:\/\/api.w.org\/{rel}","templated":true}]}}