{"id":11,"date":"2020-04-13T22:24:27","date_gmt":"2020-04-13T20:24:27","guid":{"rendered":"https:\/\/mensa-france.net\/languedoc-roussillon\/petites-annonces\/"},"modified":"2022-09-08T18:00:14","modified_gmt":"2022-09-08T16:00:14","slug":"activites","status":"publish","type":"page","link":"https:\/\/mensa-france.net\/languedoc-roussillon\/activites\/","title":{"rendered":"Activit\u00e9s"},"content":{"rendered":"<h2><span style=\"font-family: arial, helvetica, sans-serif;font-size: 14pt\">Les activit\u00e9s sont propos\u00e9es par les membres de l&rsquo;association selon leurs envies et les opportunit\u00e9s.<\/span><\/h2>\n<p style=\"padding-left: 40px\"><span style=\"font-family: arial, helvetica, sans-serif;font-size: 12pt\">Discussions conviviales et r\u00e9guli\u00e8res sous forme d&rsquo;afterwork, sortie en bord de mer, suivi de conf\u00e9rences sur des sujets d&rsquo;actualit\u00e9 divers, visites touristiques et culturelles, auberge espagnole &#8230;<br \/>\n<\/span><\/p>\n<p><span style=\"font-family: arial, helvetica, sans-serif;font-size: 14pt\">Quelques exemples :<\/span><\/p>\n<p style=\"text-align: justify;padding-left: 40px\"><span style=\"font-family: arial, helvetica, sans-serif;font-size: 12pt\">Nous avons eu le plaisir d\u2019organiser \u00e0 la mi-septembre 2020 un week-end de visites de 3 ch\u00e2teaux Cathares, le ch\u00e2teau de Peyrepertuse, de Qu\u00e9ribus et de Villerouge.<\/span><\/p>\n<p><img decoding=\"async\" class=\"size-medium wp-image-134 aligncenter\" src=\"https:\/\/mensa-france.net\/languedoc-roussillon\/wp-content\/uploads\/sites\/38\/2020\/12\/3-chateaux-cathares-300x73.jpg\" alt=\"\" width=\"300\" height=\"73\" srcset=\"https:\/\/mensa-france.net\/languedoc-roussillon\/wp-content\/uploads\/sites\/38\/2020\/12\/3-chateaux-cathares-200x49.jpg 200w, https:\/\/mensa-france.net\/languedoc-roussillon\/wp-content\/uploads\/sites\/38\/2020\/12\/3-chateaux-cathares-300x73.jpg 300w, https:\/\/mensa-france.net\/languedoc-roussillon\/wp-content\/uploads\/sites\/38\/2020\/12\/3-chateaux-cathares-400x98.jpg 400w, https:\/\/mensa-france.net\/languedoc-roussillon\/wp-content\/uploads\/sites\/38\/2020\/12\/3-chateaux-cathares-600x147.jpg 600w, https:\/\/mensa-france.net\/languedoc-roussillon\/wp-content\/uploads\/sites\/38\/2020\/12\/3-chateaux-cathares-640x156.jpg 640w, https:\/\/mensa-france.net\/languedoc-roussillon\/wp-content\/uploads\/sites\/38\/2020\/12\/3-chateaux-cathares-768x188.jpg 768w, https:\/\/mensa-france.net\/languedoc-roussillon\/wp-content\/uploads\/sites\/38\/2020\/12\/3-chateaux-cathares-800x196.jpg 800w, https:\/\/mensa-france.net\/languedoc-roussillon\/wp-content\/uploads\/sites\/38\/2020\/12\/3-chateaux-cathares-1024x250.jpg 1024w, https:\/\/mensa-france.net\/languedoc-roussillon\/wp-content\/uploads\/sites\/38\/2020\/12\/3-chateaux-cathares.jpg 1080w\" sizes=\"(max-width: 300px) 85vw, 300px\" \/><\/p>\n<p style=\"text-align: justify;padding-left: 40px\"><span style=\"font-family: arial, helvetica, sans-serif;font-size: 12pt\">Le temps fut splendide, un beau ciel bleu avec un beau soleil et une douce brise pour nous rafraichir pendant les mont\u00e9es qui m\u00e8nent aux ch\u00e2teaux et pendant leur visites. Peyrepertuse et Qu\u00e9ribus culminent \u00e0 800 m avec une vue sur les vall\u00e9es environnantes qui ne sont qu\u2019\u00e0 300 m\u2026 Autant dire qu\u2019avec une vue \u00e0 360\u00b0 \u00e0 chaque fois, le paysage qui s\u2019offrait \u00e0 nous est majestueux : la chaine des Pyr\u00e9n\u00e9es, la M\u00e9diterran\u00e9e et une grande partie des Corbi\u00e8res !<\/span><\/p>\n<p><img decoding=\"async\" class=\"size-medium wp-image-207 alignnone\" src=\"https:\/\/mensa-france.net\/languedoc-roussillon\/wp-content\/uploads\/sites\/38\/2022\/09\/Chateaux-cathares-3-300x169.jpg\" alt=\"\" width=\"300\" height=\"169\" srcset=\"https:\/\/mensa-france.net\/languedoc-roussillon\/wp-content\/uploads\/sites\/38\/2022\/09\/Chateaux-cathares-3-300x169.jpg 300w, https:\/\/mensa-france.net\/languedoc-roussillon\/wp-content\/uploads\/sites\/38\/2022\/09\/Chateaux-cathares-3-640x360.jpg 640w, https:\/\/mensa-france.net\/languedoc-roussillon\/wp-content\/uploads\/sites\/38\/2022\/09\/Chateaux-cathares-3-768x432.jpg 768w, https:\/\/mensa-france.net\/languedoc-roussillon\/wp-content\/uploads\/sites\/38\/2022\/09\/Chateaux-cathares-3-1024x576.jpg 1024w, https:\/\/mensa-france.net\/languedoc-roussillon\/wp-content\/uploads\/sites\/38\/2022\/09\/Chateaux-cathares-3.jpg 1200w\" sizes=\"(max-width: 300px) 85vw, 300px\" \/><img decoding=\"async\" class=\" wp-image-210 alignright\" src=\"https:\/\/mensa-france.net\/languedoc-roussillon\/wp-content\/uploads\/sites\/38\/2022\/09\/Peyrepertuse-1-300x169.jpg\" alt=\"\" width=\"296\" height=\"167\" srcset=\"https:\/\/mensa-france.net\/languedoc-roussillon\/wp-content\/uploads\/sites\/38\/2022\/09\/Peyrepertuse-1-300x169.jpg 300w, https:\/\/mensa-france.net\/languedoc-roussillon\/wp-content\/uploads\/sites\/38\/2022\/09\/Peyrepertuse-1-640x360.jpg 640w, https:\/\/mensa-france.net\/languedoc-roussillon\/wp-content\/uploads\/sites\/38\/2022\/09\/Peyrepertuse-1-768x432.jpg 768w, https:\/\/mensa-france.net\/languedoc-roussillon\/wp-content\/uploads\/sites\/38\/2022\/09\/Peyrepertuse-1.jpg 960w\" sizes=\"(max-width: 296px) 85vw, 296px\" \/><\/p>\n<p>&nbsp;<\/p>\n<p style=\"text-align: justify;padding-left: 40px\"><span style=\"font-family: arial, helvetica, sans-serif;font-size: 12pt\">Le repas du soir fut comme tous les repas Mensans, tr\u00e8s agr\u00e9able, bienveillant et convivial !<\/span><\/p>\n<p style=\"text-align: justify;padding-left: 40px\"><span style=\"font-family: arial, helvetica, sans-serif;font-size: 12pt\">Le dimanche fut plus reposant, visite du petit village de Villerouge, avec des calades dans toutes ses ruelles (je vous laisse le plaisir d\u2019en chercher l\u2019explication !) et tous les pieds de fa\u00e7ades fleuris. Ensuite, visite du ch\u00e2teau de Villerouge en coeur de village dont tout l\u2019int\u00e9rieur a \u00e9t\u00e9 int\u00e9gralement r\u00e9nov\u00e9s. L\u2019histoire du dernier \u00ab parfait \u00bb cathare occitan connu, Guilhem B\u00e9libaste, qui fut br\u00fbl\u00e9 vif en 1321 \u00e0 Villerouge-Termen\u00e8s\u2026<\/span><\/p>\n<p style=\"text-align: justify;padding-left: 40px\"><span style=\"font-family: arial, helvetica, sans-serif;font-size: 12pt\">Nous nous sommes mis \u00e0 table \u00e0 13 heures et chacun est reparti ensuite au fur et \u00e0 mesure de l\u2019apr\u00e8s-midi riche de ses belles visites et des belles rencontres.<\/span><\/p>\n<p><img decoding=\"async\" class=\"size-medium wp-image-208 aligncenter\" src=\"https:\/\/mensa-france.net\/languedoc-roussillon\/wp-content\/uploads\/sites\/38\/2022\/09\/Chateaux-cathares-2-169x300.jpg\" alt=\"\" width=\"169\" height=\"300\" srcset=\"https:\/\/mensa-france.net\/languedoc-roussillon\/wp-content\/uploads\/sites\/38\/2022\/09\/Chateaux-cathares-2-169x300.jpg 169w, https:\/\/mensa-france.net\/languedoc-roussillon\/wp-content\/uploads\/sites\/38\/2022\/09\/Chateaux-cathares-2-270x480.jpg 270w, https:\/\/mensa-france.net\/languedoc-roussillon\/wp-content\/uploads\/sites\/38\/2022\/09\/Chateaux-cathares-2.jpg 432w\" sizes=\"(max-width: 169px) 85vw, 169px\" \/><\/p>\n<p>&nbsp;<\/p>\n<p><span style=\"font-family: arial, helvetica, sans-serif\">Notre r\u00e9gion \u00e9tant particuli\u00e8rement \u00e9tendue, nous faisons en sorte que tous nos membres puissent se rencontrer et nous organisons des activit\u00e9s dans diff\u00e9rents d\u00e9partements :<\/span><\/p>\n<p><img decoding=\"async\" class=\"wp-image-215 alignleft\" src=\"https:\/\/mensa-france.net\/languedoc-roussillon\/wp-content\/uploads\/sites\/38\/2022\/09\/programme-activites-Montpellier-300x212.jpg\" alt=\"\" width=\"303\" height=\"214\" srcset=\"https:\/\/mensa-france.net\/languedoc-roussillon\/wp-content\/uploads\/sites\/38\/2022\/09\/programme-activites-Montpellier-300x212.jpg 300w, https:\/\/mensa-france.net\/languedoc-roussillon\/wp-content\/uploads\/sites\/38\/2022\/09\/programme-activites-Montpellier-640x453.jpg 640w, https:\/\/mensa-france.net\/languedoc-roussillon\/wp-content\/uploads\/sites\/38\/2022\/09\/programme-activites-Montpellier-768x544.jpg 768w, https:\/\/mensa-france.net\/languedoc-roussillon\/wp-content\/uploads\/sites\/38\/2022\/09\/programme-activites-Montpellier.jpg 842w\" sizes=\"(max-width: 303px) 85vw, 303px\" \/><\/p>\n<p>&nbsp;<\/p>\n<p><span style=\"font-family: arial, helvetica, sans-serif\">\u00a0 \u00a0 \u00a0 \u00a0 \u00a0 \u00a0 \u00a0 \u00a0 \u00a0 \u00a0 \u00a0 \u00a0<\/span><\/p>\n<p><span style=\"font-family: arial, helvetica, sans-serif\">\u00a0 \u00a0 \u00a0 \u00a0 \u00a0 \u00a0 \u00a0 \u00a0 \u00a0 \u00a0 \u00a0 \u00a0 <span style=\"font-size: 14pt\">H\u00e9rault<\/span><\/span><\/p>\n<p>&nbsp;<\/p>\n<p>&nbsp;<\/p>\n<p>&nbsp;<\/p>\n<figure id=\"attachment_214\" aria-describedby=\"caption-attachment-214\" style=\"width: 300px\" class=\"wp-caption alignright\"><img decoding=\"async\" class=\"size-medium wp-image-214\" src=\"https:\/\/mensa-france.net\/languedoc-roussillon\/wp-content\/uploads\/sites\/38\/2022\/09\/9-avril-Curiosite-de-Lauriole-3-300x170.jpg\" alt=\"\" width=\"300\" height=\"170\" srcset=\"https:\/\/mensa-france.net\/languedoc-roussillon\/wp-content\/uploads\/sites\/38\/2022\/09\/9-avril-Curiosite-de-Lauriole-3-300x170.jpg 300w, https:\/\/mensa-france.net\/languedoc-roussillon\/wp-content\/uploads\/sites\/38\/2022\/09\/9-avril-Curiosite-de-Lauriole-3.jpg 400w\" sizes=\"(max-width: 300px) 85vw, 300px\" \/><figcaption id=\"caption-attachment-214\" class=\"wp-caption-text\">La Curiosit\u00e9 de Lauriol \u00ab\u00a0la c\u00f4te qui descend\u00a0\u00bb<\/figcaption><\/figure>\n<p>&nbsp;<\/p>\n<p><span style=\"font-family: arial, helvetica, sans-serif\">\u00a0 \u00a0 \u00a0 \u00a0 \u00a0 \u00a0 \u00a0 \u00a0 \u00a0 \u00a0 \u00a0 \u00a0 \u00a0 \u00a0 \u00a0 \u00a0 \u00a0 \u00a0 \u00a0 \u00a0 \u00a0 \u00a0<span style=\"font-size: 14pt\">Aude<\/span><\/span><\/p>\n<p>&nbsp;<\/p>\n<p>&nbsp;<\/p>\n<p><img decoding=\"async\" class=\"size-medium wp-image-223 alignleft\" src=\"https:\/\/mensa-france.net\/languedoc-roussillon\/wp-content\/uploads\/sites\/38\/2022\/09\/Visite-de-Perpignan-300x164.jpg\" alt=\"\" width=\"300\" height=\"164\" srcset=\"https:\/\/mensa-france.net\/languedoc-roussillon\/wp-content\/uploads\/sites\/38\/2022\/09\/Visite-de-Perpignan-300x164.jpg 300w, https:\/\/mensa-france.net\/languedoc-roussillon\/wp-content\/uploads\/sites\/38\/2022\/09\/Visite-de-Perpignan-640x350.jpg 640w, https:\/\/mensa-france.net\/languedoc-roussillon\/wp-content\/uploads\/sites\/38\/2022\/09\/Visite-de-Perpignan-768x420.jpg 768w, https:\/\/mensa-france.net\/languedoc-roussillon\/wp-content\/uploads\/sites\/38\/2022\/09\/Visite-de-Perpignan-1024x561.jpg 1024w, https:\/\/mensa-france.net\/languedoc-roussillon\/wp-content\/uploads\/sites\/38\/2022\/09\/Visite-de-Perpignan.jpg 1200w\" sizes=\"(max-width: 300px) 85vw, 300px\" \/><\/p>\n<p>&nbsp;<\/p>\n<p><span style=\"font-family: arial, helvetica, sans-serif\">\u00a0 \u00a0 \u00a0 \u00a0 \u00a0 \u00a0 \u00a0 \u00a0 \u00a0 <span style=\"font-size: 14pt\">Pyr\u00e9n\u00e9es Orientales<\/span><\/span><\/p>\n<p>&nbsp;<\/p>\n<p>&nbsp;<\/p>\n<p><span style=\"font-family: arial, helvetica, sans-serif\">Cette ann\u00e9e, nous avons profit\u00e9 de l&rsquo;\u00e9v\u00e9nement \u00ab\u00a0Escale \u00e0 S\u00e8te\u00a0\u00bb pour organiser une journ\u00e9e d\u00e9couverte sur le th\u00e8me propos\u00e9 par la ville de S\u00e8te<\/span><\/p>\n<p><img decoding=\"async\" class=\"size-medium wp-image-221 aligncenter\" src=\"https:\/\/mensa-france.net\/languedoc-roussillon\/wp-content\/uploads\/sites\/38\/2022\/09\/Escale-a-Sete-2022-300x169.jpg\" alt=\"\" width=\"300\" height=\"169\" srcset=\"https:\/\/mensa-france.net\/languedoc-roussillon\/wp-content\/uploads\/sites\/38\/2022\/09\/Escale-a-Sete-2022-300x169.jpg 300w, https:\/\/mensa-france.net\/languedoc-roussillon\/wp-content\/uploads\/sites\/38\/2022\/09\/Escale-a-Sete-2022-640x360.jpg 640w, https:\/\/mensa-france.net\/languedoc-roussillon\/wp-content\/uploads\/sites\/38\/2022\/09\/Escale-a-Sete-2022-768x432.jpg 768w, https:\/\/mensa-france.net\/languedoc-roussillon\/wp-content\/uploads\/sites\/38\/2022\/09\/Escale-a-Sete-2022-1024x576.jpg 1024w, https:\/\/mensa-france.net\/languedoc-roussillon\/wp-content\/uploads\/sites\/38\/2022\/09\/Escale-a-Sete-2022.jpg 1200w\" sizes=\"(max-width: 300px) 85vw, 300px\" \/><\/p>\n<p>&nbsp;<\/p>\n","protected":false},"excerpt":{"rendered":"<p>Les activit\u00e9s sont propos\u00e9es par les membres de l&rsquo;association selon leurs envies et les opportunit\u00e9s. Discussions conviviales et r\u00e9guli\u00e8res sous forme d&rsquo;afterwork, sortie en bord de mer, suivi de conf\u00e9rences sur des sujets d&rsquo;actualit\u00e9 divers, visites touristiques et culturelles, auberge espagnole &#8230; Quelques exemples : Nous avons eu le plaisir d\u2019organiser \u00e0 la mi-septembre 2020 &hellip; <a href=\"https:\/\/mensa-france.net\/languedoc-roussillon\/activites\/\" class=\"more-link\">Continuer la lecture<span class=\"screen-reader-text\"> de &laquo;&nbsp;Activit\u00e9s&nbsp;&raquo;<\/span><\/a><\/p>\n","protected":false},"author":1,"featured_media":0,"parent":0,"menu_order":0,"comment_status":"closed","ping_status":"closed","template":"","meta":{"footnotes":""},"class_list":["post-11","page","type-page","status-publish","hentry"],"_links":{"self":[{"href":"https:\/\/mensa-france.net\/languedoc-roussillon\/wp-json\/wp\/v2\/pages\/11","targetHints":{"allow":["GET"]}}],"collection":[{"href":"https:\/\/mensa-france.net\/languedoc-roussillon\/wp-json\/wp\/v2\/pages"}],"about":[{"href":"https:\/\/mensa-france.net\/languedoc-roussillon\/wp-json\/wp\/v2\/types\/page"}],"author":[{"embeddable":true,"href":"https:\/\/mensa-france.net\/languedoc-roussillon\/wp-json\/wp\/v2\/users\/1"}],"replies":[{"embeddable":true,"href":"https:\/\/mensa-france.net\/languedoc-roussillon\/wp-json\/wp\/v2\/comments?post=11"}],"version-history":[{"count":4,"href":"https:\/\/mensa-france.net\/languedoc-roussillon\/wp-json\/wp\/v2\/pages\/11\/revisions"}],"predecessor-version":[{"id":229,"href":"https:\/\/mensa-france.net\/languedoc-roussillon\/wp-json\/wp\/v2\/pages\/11\/revisions\/229"}],"wp:attachment":[{"href":"https:\/\/mensa-france.net\/languedoc-roussillon\/wp-json\/wp\/v2\/media?parent=11"}],"curies":[{"name":"wp","href":"https:\/\/api.w.org\/{rel}","templated":true}]}}